{"id":661,"date":"2015-06-20T00:00:00","date_gmt":"2015-06-19T22:00:00","guid":{"rendered":"http:\/\/yogavoice.berlin\/modern-mantra-choir\/"},"modified":"2025-10-09T15:40:49","modified_gmt":"2025-10-09T13:40:49","slug":"womens-singing-circle","status":"publish","type":"page","link":"https:\/\/schoolofvoice.berlin\/de\/programm\/womens-singing-circle\/","title":{"rendered":"Women&#8217;s Singing Circle"},"content":{"rendered":"","protected":false},"excerpt":{"rendered":"","protected":false},"author":6,"featured_media":6488,"parent":5632,"menu_order":0,"comment_status":"closed","ping_status":"closed","template":"","meta":{"footnotes":""},"categories":[111],"yoast_head":"<!-- This site is optimized with the Yoast SEO plugin v22.4 - https:\/\/yoast.com\/wordpress\/plugins\/seo\/ -->\n<title>Women&#039;s Singing Circle<\/title>\n<meta name=\"description\" content=\"Dieser Singkreis ist eine Gruppe von Frauen f\u00fcr Frauen, die sich erheben, um das Leben zu genie\u00dfen und sich im tiefsten Inneren wiederfinden wollen. Wir singen erbauliche und sch\u00f6ne Lieder mit transzendenten Harmonien und Rhythmen. Lass Dich hinfort tragen. Die Anmeldung ist jetzt offen! Wir haben nur eine begrenzte Anzahl von Pl\u00e4tzen verf\u00fcgbar.\" \/>\n<meta name=\"robots\" content=\"index, follow, max-snippet:-1, max-image-preview:large, max-video-preview:-1\" \/>\n<link rel=\"canonical\" href=\"https:\/\/schoolofvoice.berlin\/de\/programm\/womens-singing-circle\/\" \/>\n<meta property=\"og:locale\" content=\"de_DE\" \/>\n<meta property=\"og:type\" content=\"article\" \/>\n<meta property=\"og:title\" content=\"Women&#039;s Singing Circle\" \/>\n<meta property=\"og:description\" content=\"Dieser Singkreis ist eine Gruppe von Frauen f\u00fcr Frauen, die sich erheben, um das Leben zu genie\u00dfen und sich im tiefsten Inneren wiederfinden wollen. Wir singen erbauliche und sch\u00f6ne Lieder mit transzendenten Harmonien und Rhythmen. Lass Dich hinfort tragen. Die Anmeldung ist jetzt offen! Wir haben nur eine begrenzte Anzahl von Pl\u00e4tzen verf\u00fcgbar.\" \/>\n<meta property=\"og:url\" content=\"https:\/\/schoolofvoice.berlin\/de\/programm\/womens-singing-circle\/\" \/>\n<meta property=\"og:site_name\" content=\"School Of Voice\" \/>\n<meta property=\"article:modified_time\" content=\"2025-10-09T13:40:49+00:00\" \/>\n<meta property=\"og:image\" content=\"https:\/\/schoolofvoice.berlin\/de\/wp-content\/uploads\/sites\/3\/2024\/02\/feature_Womens-Sisterhood-900-x-600-px.jpg\" \/>\n\t<meta property=\"og:image:width\" content=\"900\" \/>\n\t<meta property=\"og:image:height\" content=\"600\" \/>\n\t<meta property=\"og:image:type\" content=\"image\/jpeg\" \/>\n<meta name=\"twitter:card\" content=\"summary_large_image\" \/>\n<meta name=\"twitter:label1\" content=\"Gesch\u00e4tzte Lesezeit\" \/>\n\t<meta name=\"twitter:data1\" content=\"1 Minute\" \/>\n<script type=\"application\/ld+json\" class=\"yoast-schema-graph\">{\"@context\":\"https:\/\/schema.org\",\"@graph\":[{\"@type\":\"WebPage\",\"@id\":\"https:\/\/schoolofvoice.berlin\/de\/programm\/womens-singing-circle\/\",\"url\":\"https:\/\/schoolofvoice.berlin\/de\/programm\/womens-singing-circle\/\",\"name\":\"Women's Singing Circle\",\"isPartOf\":{\"@id\":\"https:\/\/schoolofvoice.berlin\/de\/#website\"},\"primaryImageOfPage\":{\"@id\":\"https:\/\/schoolofvoice.berlin\/de\/programm\/womens-singing-circle\/#primaryimage\"},\"image\":{\"@id\":\"https:\/\/schoolofvoice.berlin\/de\/programm\/womens-singing-circle\/#primaryimage\"},\"thumbnailUrl\":\"https:\/\/schoolofvoice.berlin\/de\/wp-content\/uploads\/sites\/3\/2024\/02\/feature_Womens-Sisterhood-900-x-600-px.jpg\",\"datePublished\":\"2015-06-19T22:00:00+00:00\",\"dateModified\":\"2025-10-09T13:40:49+00:00\",\"description\":\"Dieser Singkreis ist eine Gruppe von Frauen f\u00fcr Frauen, die sich erheben, um das Leben zu genie\u00dfen und sich im tiefsten Inneren wiederfinden wollen. Wir singen erbauliche und sch\u00f6ne Lieder mit transzendenten Harmonien und Rhythmen. Lass Dich hinfort tragen. Die Anmeldung ist jetzt offen! Wir haben nur eine begrenzte Anzahl von Pl\u00e4tzen verf\u00fcgbar.\",\"breadcrumb\":{\"@id\":\"https:\/\/schoolofvoice.berlin\/de\/programm\/womens-singing-circle\/#breadcrumb\"},\"inLanguage\":\"de-DE\",\"potentialAction\":[{\"@type\":\"ReadAction\",\"target\":[\"https:\/\/schoolofvoice.berlin\/de\/programm\/womens-singing-circle\/\"]}]},{\"@type\":\"ImageObject\",\"inLanguage\":\"de-DE\",\"@id\":\"https:\/\/schoolofvoice.berlin\/de\/programm\/womens-singing-circle\/#primaryimage\",\"url\":\"https:\/\/schoolofvoice.berlin\/de\/wp-content\/uploads\/sites\/3\/2024\/02\/feature_Womens-Sisterhood-900-x-600-px.jpg\",\"contentUrl\":\"https:\/\/schoolofvoice.berlin\/de\/wp-content\/uploads\/sites\/3\/2024\/02\/feature_Womens-Sisterhood-900-x-600-px.jpg\",\"width\":900,\"height\":600,\"caption\":\"Women's Singing Circle\"},{\"@type\":\"BreadcrumbList\",\"@id\":\"https:\/\/schoolofvoice.berlin\/de\/programm\/womens-singing-circle\/#breadcrumb\",\"itemListElement\":[{\"@type\":\"ListItem\",\"position\":1,\"name\":\"Home\",\"item\":\"https:\/\/schoolofvoice.berlin\/de\/\"},{\"@type\":\"ListItem\",\"position\":2,\"name\":\"Programm\",\"item\":\"https:\/\/schoolofvoice.berlin\/de\/programm\/\"},{\"@type\":\"ListItem\",\"position\":3,\"name\":\"Women&#8217;s Singing Circle\"}]},{\"@type\":\"WebSite\",\"@id\":\"https:\/\/schoolofvoice.berlin\/de\/#website\",\"url\":\"https:\/\/schoolofvoice.berlin\/de\/\",\"name\":\"School Of Voice\",\"description\":\"Vocal Coaching - Music Lessons - Artist Development\",\"potentialAction\":[{\"@type\":\"SearchAction\",\"target\":{\"@type\":\"EntryPoint\",\"urlTemplate\":\"https:\/\/schoolofvoice.berlin\/de\/?s={search_term_string}\"},\"query-input\":\"required name=search_term_string\"}],\"inLanguage\":\"de-DE\"}]}<\/script>\n<!-- \/ Yoast SEO plugin. -->","yoast_head_json":{"title":"Women's Singing Circle","description":"Dieser Singkreis ist eine Gruppe von Frauen f\u00fcr Frauen, die sich erheben, um das Leben zu genie\u00dfen und sich im tiefsten Inneren wiederfinden wollen. Wir singen erbauliche und sch\u00f6ne Lieder mit transzendenten Harmonien und Rhythmen. Lass Dich hinfort tragen. Die Anmeldung ist jetzt offen! Wir haben nur eine begrenzte Anzahl von Pl\u00e4tzen verf\u00fcgbar.","robots":{"index":"index","follow":"follow","max-snippet":"max-snippet:-1","max-image-preview":"max-image-preview:large","max-video-preview":"max-video-preview:-1"},"canonical":"https:\/\/schoolofvoice.berlin\/de\/programm\/womens-singing-circle\/","og_locale":"de_DE","og_type":"article","og_title":"Women's Singing Circle","og_description":"Dieser Singkreis ist eine Gruppe von Frauen f\u00fcr Frauen, die sich erheben, um das Leben zu genie\u00dfen und sich im tiefsten Inneren wiederfinden wollen. Wir singen erbauliche und sch\u00f6ne Lieder mit transzendenten Harmonien und Rhythmen. Lass Dich hinfort tragen. Die Anmeldung ist jetzt offen! Wir haben nur eine begrenzte Anzahl von Pl\u00e4tzen verf\u00fcgbar.","og_url":"https:\/\/schoolofvoice.berlin\/de\/programm\/womens-singing-circle\/","og_site_name":"School Of Voice","article_modified_time":"2025-10-09T13:40:49+00:00","og_image":[{"width":900,"height":600,"url":"https:\/\/schoolofvoice.berlin\/de\/wp-content\/uploads\/sites\/3\/2024\/02\/feature_Womens-Sisterhood-900-x-600-px.jpg","type":"image\/jpeg"}],"twitter_card":"summary_large_image","twitter_misc":{"Gesch\u00e4tzte Lesezeit":"1 Minute"},"schema":{"@context":"https:\/\/schema.org","@graph":[{"@type":"WebPage","@id":"https:\/\/schoolofvoice.berlin\/de\/programm\/womens-singing-circle\/","url":"https:\/\/schoolofvoice.berlin\/de\/programm\/womens-singing-circle\/","name":"Women's Singing Circle","isPartOf":{"@id":"https:\/\/schoolofvoice.berlin\/de\/#website"},"primaryImageOfPage":{"@id":"https:\/\/schoolofvoice.berlin\/de\/programm\/womens-singing-circle\/#primaryimage"},"image":{"@id":"https:\/\/schoolofvoice.berlin\/de\/programm\/womens-singing-circle\/#primaryimage"},"thumbnailUrl":"https:\/\/schoolofvoice.berlin\/de\/wp-content\/uploads\/sites\/3\/2024\/02\/feature_Womens-Sisterhood-900-x-600-px.jpg","datePublished":"2015-06-19T22:00:00+00:00","dateModified":"2025-10-09T13:40:49+00:00","description":"Dieser Singkreis ist eine Gruppe von Frauen f\u00fcr Frauen, die sich erheben, um das Leben zu genie\u00dfen und sich im tiefsten Inneren wiederfinden wollen. Wir singen erbauliche und sch\u00f6ne Lieder mit transzendenten Harmonien und Rhythmen. Lass Dich hinfort tragen. Die Anmeldung ist jetzt offen! Wir haben nur eine begrenzte Anzahl von Pl\u00e4tzen verf\u00fcgbar.","breadcrumb":{"@id":"https:\/\/schoolofvoice.berlin\/de\/programm\/womens-singing-circle\/#breadcrumb"},"inLanguage":"de-DE","potentialAction":[{"@type":"ReadAction","target":["https:\/\/schoolofvoice.berlin\/de\/programm\/womens-singing-circle\/"]}]},{"@type":"ImageObject","inLanguage":"de-DE","@id":"https:\/\/schoolofvoice.berlin\/de\/programm\/womens-singing-circle\/#primaryimage","url":"https:\/\/schoolofvoice.berlin\/de\/wp-content\/uploads\/sites\/3\/2024\/02\/feature_Womens-Sisterhood-900-x-600-px.jpg","contentUrl":"https:\/\/schoolofvoice.berlin\/de\/wp-content\/uploads\/sites\/3\/2024\/02\/feature_Womens-Sisterhood-900-x-600-px.jpg","width":900,"height":600,"caption":"Women's Singing Circle"},{"@type":"BreadcrumbList","@id":"https:\/\/schoolofvoice.berlin\/de\/programm\/womens-singing-circle\/#breadcrumb","itemListElement":[{"@type":"ListItem","position":1,"name":"Home","item":"https:\/\/schoolofvoice.berlin\/de\/"},{"@type":"ListItem","position":2,"name":"Programm","item":"https:\/\/schoolofvoice.berlin\/de\/programm\/"},{"@type":"ListItem","position":3,"name":"Women&#8217;s Singing Circle"}]},{"@type":"WebSite","@id":"https:\/\/schoolofvoice.berlin\/de\/#website","url":"https:\/\/schoolofvoice.berlin\/de\/","name":"School Of Voice","description":"Vocal Coaching - Music Lessons - Artist Development","potentialAction":[{"@type":"SearchAction","target":{"@type":"EntryPoint","urlTemplate":"https:\/\/schoolofvoice.berlin\/de\/?s={search_term_string}"},"query-input":"required name=search_term_string"}],"inLanguage":"de-DE"}]}},"_links":{"self":[{"href":"https:\/\/schoolofvoice.berlin\/de\/wp-json\/wp\/v2\/pages\/661"}],"collection":[{"href":"https:\/\/schoolofvoice.berlin\/de\/wp-json\/wp\/v2\/pages"}],"about":[{"href":"https:\/\/schoolofvoice.berlin\/de\/wp-json\/wp\/v2\/types\/page"}],"author":[{"embeddable":true,"href":"https:\/\/schoolofvoice.berlin\/de\/wp-json\/wp\/v2\/users\/6"}],"replies":[{"embeddable":true,"href":"https:\/\/schoolofvoice.berlin\/de\/wp-json\/wp\/v2\/comments?post=661"}],"version-history":[{"count":32,"href":"https:\/\/schoolofvoice.berlin\/de\/wp-json\/wp\/v2\/pages\/661\/revisions"}],"predecessor-version":[{"id":6570,"href":"https:\/\/schoolofvoice.berlin\/de\/wp-json\/wp\/v2\/pages\/661\/revisions\/6570"}],"up":[{"embeddable":true,"href":"https:\/\/schoolofvoice.berlin\/de\/wp-json\/wp\/v2\/pages\/5632"}],"wp:featuredmedia":[{"embeddable":true,"href":"https:\/\/schoolofvoice.berlin\/de\/wp-json\/wp\/v2\/media\/6488"}],"wp:attachment":[{"href":"https:\/\/schoolofvoice.berlin\/de\/wp-json\/wp\/v2\/media?parent=661"}],"wp:term":[{"taxonomy":"category","embeddable":true,"href":"https:\/\/schoolofvoice.berlin\/de\/wp-json\/wp\/v2\/categories?post=661"}],"curies":[{"name":"wp","href":"https:\/\/api.w.org\/{rel}","templated":true}]}}