{"id":6506,"date":"2025-02-26T16:04:40","date_gmt":"2025-02-26T15:04:40","guid":{"rendered":"https:\/\/schoolofvoice.berlin\/de\/?page_id=6506"},"modified":"2025-02-26T17:12:34","modified_gmt":"2025-02-26T16:12:34","slug":"widerrufsrecht","status":"publish","type":"page","link":"https:\/\/schoolofvoice.berlin\/de\/rechtshinweise\/widerrufsrecht\/","title":{"rendered":"Widerrufsrecht f\u00fcr Verbraucher"},"content":{"rendered":"","protected":false},"excerpt":{"rendered":"","protected":false},"author":5,"featured_media":0,"parent":5861,"menu_order":0,"comment_status":"closed","ping_status":"closed","template":"","meta":{"footnotes":""},"categories":[],"yoast_head":"<!-- This site is optimized with the Yoast SEO plugin v22.4 - https:\/\/yoast.com\/wordpress\/plugins\/seo\/ -->\n<title>Widerrufsrecht f\u00fcr Verbraucher - School Of Voice<\/title>\n<meta name=\"description\" content=\"Verbrauchern steht ein Widerrufsrecht nach folgender Ma\u00dfgabe zu, wobei Verbraucher jede nat\u00fcrliche Person ist, die ein Rechtsgesch\u00e4ft zu Zwecken abschlie\u00dft, die \u00fcberwiegend weder ihrer gewerblichen noch ihrer selbst\u00e4ndigen beruflichen T\u00e4tigkeit zugerechnet werden k\u00f6nnen.\" \/>\n<meta name=\"robots\" content=\"index, nofollow, max-snippet:-1, max-image-preview:large, max-video-preview:-1\" \/>\n<link rel=\"canonical\" href=\"https:\/\/schoolofvoice.berlin\/de\/rechtshinweise\/widerrufsrecht\/\" \/>\n<meta property=\"og:locale\" content=\"de_DE\" \/>\n<meta property=\"og:type\" content=\"article\" \/>\n<meta property=\"og:title\" content=\"Widerrufsrecht f\u00fcr Verbraucher - School Of Voice\" \/>\n<meta property=\"og:description\" content=\"Verbrauchern steht ein Widerrufsrecht nach folgender Ma\u00dfgabe zu, wobei Verbraucher jede nat\u00fcrliche Person ist, die ein Rechtsgesch\u00e4ft zu Zwecken abschlie\u00dft, die \u00fcberwiegend weder ihrer gewerblichen noch ihrer selbst\u00e4ndigen beruflichen T\u00e4tigkeit zugerechnet werden k\u00f6nnen.\" \/>\n<meta property=\"og:url\" content=\"https:\/\/schoolofvoice.berlin\/de\/rechtshinweise\/widerrufsrecht\/\" \/>\n<meta property=\"og:site_name\" content=\"School Of Voice\" \/>\n<meta property=\"article:modified_time\" content=\"2025-02-26T16:12:34+00:00\" \/>\n<meta name=\"twitter:card\" content=\"summary_large_image\" \/>\n<script type=\"application\/ld+json\" class=\"yoast-schema-graph\">{\"@context\":\"https:\/\/schema.org\",\"@graph\":[{\"@type\":\"WebPage\",\"@id\":\"https:\/\/schoolofvoice.berlin\/de\/rechtshinweise\/widerrufsrecht\/\",\"url\":\"https:\/\/schoolofvoice.berlin\/de\/rechtshinweise\/widerrufsrecht\/\",\"name\":\"Widerrufsrecht f\u00fcr Verbraucher - School Of Voice\",\"isPartOf\":{\"@id\":\"https:\/\/schoolofvoice.berlin\/de\/#website\"},\"datePublished\":\"2025-02-26T15:04:40+00:00\",\"dateModified\":\"2025-02-26T16:12:34+00:00\",\"description\":\"Verbrauchern steht ein Widerrufsrecht nach folgender Ma\u00dfgabe zu, wobei Verbraucher jede nat\u00fcrliche Person ist, die ein Rechtsgesch\u00e4ft zu Zwecken abschlie\u00dft, die \u00fcberwiegend weder ihrer gewerblichen noch ihrer selbst\u00e4ndigen beruflichen T\u00e4tigkeit zugerechnet werden k\u00f6nnen.\",\"breadcrumb\":{\"@id\":\"https:\/\/schoolofvoice.berlin\/de\/rechtshinweise\/widerrufsrecht\/#breadcrumb\"},\"inLanguage\":\"de-DE\",\"potentialAction\":[{\"@type\":\"ReadAction\",\"target\":[\"https:\/\/schoolofvoice.berlin\/de\/rechtshinweise\/widerrufsrecht\/\"]}]},{\"@type\":\"BreadcrumbList\",\"@id\":\"https:\/\/schoolofvoice.berlin\/de\/rechtshinweise\/widerrufsrecht\/#breadcrumb\",\"itemListElement\":[{\"@type\":\"ListItem\",\"position\":1,\"name\":\"Home\",\"item\":\"https:\/\/schoolofvoice.berlin\/de\/\"},{\"@type\":\"ListItem\",\"position\":2,\"name\":\"Rechtshinweise\",\"item\":\"https:\/\/schoolofvoice.berlin\/de\/rechtshinweise\/\"},{\"@type\":\"ListItem\",\"position\":3,\"name\":\"Widerrufsrecht f\u00fcr Verbraucher\"}]},{\"@type\":\"WebSite\",\"@id\":\"https:\/\/schoolofvoice.berlin\/de\/#website\",\"url\":\"https:\/\/schoolofvoice.berlin\/de\/\",\"name\":\"School Of Voice\",\"description\":\"Vocal Coaching - Music Lessons - Artist Development\",\"potentialAction\":[{\"@type\":\"SearchAction\",\"target\":{\"@type\":\"EntryPoint\",\"urlTemplate\":\"https:\/\/schoolofvoice.berlin\/de\/?s={search_term_string}\"},\"query-input\":\"required name=search_term_string\"}],\"inLanguage\":\"de-DE\"}]}<\/script>\n<!-- \/ Yoast SEO plugin. -->","yoast_head_json":{"title":"Widerrufsrecht f\u00fcr Verbraucher - School Of Voice","description":"Verbrauchern steht ein Widerrufsrecht nach folgender Ma\u00dfgabe zu, wobei Verbraucher jede nat\u00fcrliche Person ist, die ein Rechtsgesch\u00e4ft zu Zwecken abschlie\u00dft, die \u00fcberwiegend weder ihrer gewerblichen noch ihrer selbst\u00e4ndigen beruflichen T\u00e4tigkeit zugerechnet werden k\u00f6nnen.","robots":{"index":"index","follow":"nofollow","max-snippet":"max-snippet:-1","max-image-preview":"max-image-preview:large","max-video-preview":"max-video-preview:-1"},"canonical":"https:\/\/schoolofvoice.berlin\/de\/rechtshinweise\/widerrufsrecht\/","og_locale":"de_DE","og_type":"article","og_title":"Widerrufsrecht f\u00fcr Verbraucher - School Of Voice","og_description":"Verbrauchern steht ein Widerrufsrecht nach folgender Ma\u00dfgabe zu, wobei Verbraucher jede nat\u00fcrliche Person ist, die ein Rechtsgesch\u00e4ft zu Zwecken abschlie\u00dft, die \u00fcberwiegend weder ihrer gewerblichen noch ihrer selbst\u00e4ndigen beruflichen T\u00e4tigkeit zugerechnet werden k\u00f6nnen.","og_url":"https:\/\/schoolofvoice.berlin\/de\/rechtshinweise\/widerrufsrecht\/","og_site_name":"School Of Voice","article_modified_time":"2025-02-26T16:12:34+00:00","twitter_card":"summary_large_image","schema":{"@context":"https:\/\/schema.org","@graph":[{"@type":"WebPage","@id":"https:\/\/schoolofvoice.berlin\/de\/rechtshinweise\/widerrufsrecht\/","url":"https:\/\/schoolofvoice.berlin\/de\/rechtshinweise\/widerrufsrecht\/","name":"Widerrufsrecht f\u00fcr Verbraucher - School Of Voice","isPartOf":{"@id":"https:\/\/schoolofvoice.berlin\/de\/#website"},"datePublished":"2025-02-26T15:04:40+00:00","dateModified":"2025-02-26T16:12:34+00:00","description":"Verbrauchern steht ein Widerrufsrecht nach folgender Ma\u00dfgabe zu, wobei Verbraucher jede nat\u00fcrliche Person ist, die ein Rechtsgesch\u00e4ft zu Zwecken abschlie\u00dft, die \u00fcberwiegend weder ihrer gewerblichen noch ihrer selbst\u00e4ndigen beruflichen T\u00e4tigkeit zugerechnet werden k\u00f6nnen.","breadcrumb":{"@id":"https:\/\/schoolofvoice.berlin\/de\/rechtshinweise\/widerrufsrecht\/#breadcrumb"},"inLanguage":"de-DE","potentialAction":[{"@type":"ReadAction","target":["https:\/\/schoolofvoice.berlin\/de\/rechtshinweise\/widerrufsrecht\/"]}]},{"@type":"BreadcrumbList","@id":"https:\/\/schoolofvoice.berlin\/de\/rechtshinweise\/widerrufsrecht\/#breadcrumb","itemListElement":[{"@type":"ListItem","position":1,"name":"Home","item":"https:\/\/schoolofvoice.berlin\/de\/"},{"@type":"ListItem","position":2,"name":"Rechtshinweise","item":"https:\/\/schoolofvoice.berlin\/de\/rechtshinweise\/"},{"@type":"ListItem","position":3,"name":"Widerrufsrecht f\u00fcr Verbraucher"}]},{"@type":"WebSite","@id":"https:\/\/schoolofvoice.berlin\/de\/#website","url":"https:\/\/schoolofvoice.berlin\/de\/","name":"School Of Voice","description":"Vocal Coaching - Music Lessons - Artist Development","potentialAction":[{"@type":"SearchAction","target":{"@type":"EntryPoint","urlTemplate":"https:\/\/schoolofvoice.berlin\/de\/?s={search_term_string}"},"query-input":"required name=search_term_string"}],"inLanguage":"de-DE"}]}},"_links":{"self":[{"href":"https:\/\/schoolofvoice.berlin\/de\/wp-json\/wp\/v2\/pages\/6506"}],"collection":[{"href":"https:\/\/schoolofvoice.berlin\/de\/wp-json\/wp\/v2\/pages"}],"about":[{"href":"https:\/\/schoolofvoice.berlin\/de\/wp-json\/wp\/v2\/types\/page"}],"author":[{"embeddable":true,"href":"https:\/\/schoolofvoice.berlin\/de\/wp-json\/wp\/v2\/users\/5"}],"replies":[{"embeddable":true,"href":"https:\/\/schoolofvoice.berlin\/de\/wp-json\/wp\/v2\/comments?post=6506"}],"version-history":[{"count":3,"href":"https:\/\/schoolofvoice.berlin\/de\/wp-json\/wp\/v2\/pages\/6506\/revisions"}],"predecessor-version":[{"id":6509,"href":"https:\/\/schoolofvoice.berlin\/de\/wp-json\/wp\/v2\/pages\/6506\/revisions\/6509"}],"up":[{"embeddable":true,"href":"https:\/\/schoolofvoice.berlin\/de\/wp-json\/wp\/v2\/pages\/5861"}],"wp:attachment":[{"href":"https:\/\/schoolofvoice.berlin\/de\/wp-json\/wp\/v2\/media?parent=6506"}],"wp:term":[{"taxonomy":"category","embeddable":true,"href":"https:\/\/schoolofvoice.berlin\/de\/wp-json\/wp\/v2\/categories?post=6506"}],"curies":[{"name":"wp","href":"https:\/\/api.w.org\/{rel}","templated":true}]}}