{"id":6425,"date":"2023-08-13T10:07:50","date_gmt":"2023-08-13T08:07:50","guid":{"rendered":"https:\/\/schoolofvoice.berlin\/de\/?page_id=6425"},"modified":"2023-08-13T10:09:32","modified_gmt":"2023-08-13T08:09:32","slug":"gender-hinweis","status":"publish","type":"page","link":"https:\/\/schoolofvoice.berlin\/de\/rechtshinweise\/gender-hinweis\/","title":{"rendered":"Gender-Hinweis:"},"content":{"rendered":"","protected":false},"excerpt":{"rendered":"","protected":false},"author":5,"featured_media":6362,"parent":5861,"menu_order":0,"comment_status":"closed","ping_status":"closed","template":"","meta":{"footnotes":""},"categories":[1],"yoast_head":"<!-- This site is optimized with the Yoast SEO plugin v22.4 - https:\/\/yoast.com\/wordpress\/plugins\/seo\/ -->\n<title>Gender-Hinweis | School Of Voice<\/title>\n<meta name=\"description\" content=\"Unsere Inhalte wenden sich an alle Menschen, v\u00f6llig unabh\u00e4ngig vom Geschlecht. Dennoch wird aus Gr\u00fcnden der besseren Lesbarkeit auf unserer Webseite und in der School Of Voice auf die gleichzeitige Verwendung der Sprachformen m\u00e4nnlich, weiblich und divers verzichtet. Die verk\u00fcrzte Sprachform beinhaltet jedoch ausdr\u00fccklich keine Wertung, sondern gilt im Sinne der Gleichbehandlung grunds\u00e4tzlich f\u00fcr alle Geschlechter.\" \/>\n<meta name=\"robots\" content=\"index, follow, max-snippet:-1, max-image-preview:large, max-video-preview:-1\" \/>\n<link rel=\"canonical\" href=\"https:\/\/schoolofvoice.berlin\/de\/rechtshinweise\/gender-hinweis\/\" \/>\n<meta property=\"og:locale\" content=\"de_DE\" \/>\n<meta property=\"og:type\" content=\"article\" \/>\n<meta property=\"og:title\" content=\"Gender-Hinweis | School Of Voice\" \/>\n<meta property=\"og:description\" content=\"Unsere Inhalte wenden sich an alle Menschen, v\u00f6llig unabh\u00e4ngig vom Geschlecht. Dennoch wird aus Gr\u00fcnden der besseren Lesbarkeit auf unserer Webseite und in der School Of Voice auf die gleichzeitige Verwendung der Sprachformen m\u00e4nnlich, weiblich und divers verzichtet. Die verk\u00fcrzte Sprachform beinhaltet jedoch ausdr\u00fccklich keine Wertung, sondern gilt im Sinne der Gleichbehandlung grunds\u00e4tzlich f\u00fcr alle Geschlechter.\" \/>\n<meta property=\"og:url\" content=\"https:\/\/schoolofvoice.berlin\/de\/rechtshinweise\/gender-hinweis\/\" \/>\n<meta property=\"og:site_name\" content=\"School Of Voice\" \/>\n<meta property=\"article:modified_time\" content=\"2023-08-13T08:09:32+00:00\" \/>\n<meta property=\"og:image\" content=\"https:\/\/schoolofvoice.berlin\/de\/wp-content\/uploads\/sites\/3\/2022\/09\/SoV_LOGO-black_400px.jpeg\" \/>\n\t<meta property=\"og:image:width\" content=\"400\" \/>\n\t<meta property=\"og:image:height\" content=\"400\" \/>\n\t<meta property=\"og:image:type\" content=\"image\/jpeg\" \/>\n<meta name=\"twitter:card\" content=\"summary_large_image\" \/>\n<script type=\"application\/ld+json\" class=\"yoast-schema-graph\">{\"@context\":\"https:\/\/schema.org\",\"@graph\":[{\"@type\":\"WebPage\",\"@id\":\"https:\/\/schoolofvoice.berlin\/de\/rechtshinweise\/gender-hinweis\/\",\"url\":\"https:\/\/schoolofvoice.berlin\/de\/rechtshinweise\/gender-hinweis\/\",\"name\":\"Gender-Hinweis | School Of Voice\",\"isPartOf\":{\"@id\":\"https:\/\/schoolofvoice.berlin\/de\/#website\"},\"primaryImageOfPage\":{\"@id\":\"https:\/\/schoolofvoice.berlin\/de\/rechtshinweise\/gender-hinweis\/#primaryimage\"},\"image\":{\"@id\":\"https:\/\/schoolofvoice.berlin\/de\/rechtshinweise\/gender-hinweis\/#primaryimage\"},\"thumbnailUrl\":\"https:\/\/schoolofvoice.berlin\/de\/wp-content\/uploads\/sites\/3\/2022\/09\/SoV_LOGO-black_400px.jpeg\",\"datePublished\":\"2023-08-13T08:07:50+00:00\",\"dateModified\":\"2023-08-13T08:09:32+00:00\",\"description\":\"Unsere Inhalte wenden sich an alle Menschen, v\u00f6llig unabh\u00e4ngig vom Geschlecht. Dennoch wird aus Gr\u00fcnden der besseren Lesbarkeit auf unserer Webseite und in der School Of Voice auf die gleichzeitige Verwendung der Sprachformen m\u00e4nnlich, weiblich und divers verzichtet. Die verk\u00fcrzte Sprachform beinhaltet jedoch ausdr\u00fccklich keine Wertung, sondern gilt im Sinne der Gleichbehandlung grunds\u00e4tzlich f\u00fcr alle Geschlechter.\",\"breadcrumb\":{\"@id\":\"https:\/\/schoolofvoice.berlin\/de\/rechtshinweise\/gender-hinweis\/#breadcrumb\"},\"inLanguage\":\"de-DE\",\"potentialAction\":[{\"@type\":\"ReadAction\",\"target\":[\"https:\/\/schoolofvoice.berlin\/de\/rechtshinweise\/gender-hinweis\/\"]}]},{\"@type\":\"ImageObject\",\"inLanguage\":\"de-DE\",\"@id\":\"https:\/\/schoolofvoice.berlin\/de\/rechtshinweise\/gender-hinweis\/#primaryimage\",\"url\":\"https:\/\/schoolofvoice.berlin\/de\/wp-content\/uploads\/sites\/3\/2022\/09\/SoV_LOGO-black_400px.jpeg\",\"contentUrl\":\"https:\/\/schoolofvoice.berlin\/de\/wp-content\/uploads\/sites\/3\/2022\/09\/SoV_LOGO-black_400px.jpeg\",\"width\":400,\"height\":400,\"caption\":\"School Of Voice | So funktioniert es.\"},{\"@type\":\"BreadcrumbList\",\"@id\":\"https:\/\/schoolofvoice.berlin\/de\/rechtshinweise\/gender-hinweis\/#breadcrumb\",\"itemListElement\":[{\"@type\":\"ListItem\",\"position\":1,\"name\":\"Home\",\"item\":\"https:\/\/schoolofvoice.berlin\/de\/\"},{\"@type\":\"ListItem\",\"position\":2,\"name\":\"Rechtshinweise\",\"item\":\"https:\/\/schoolofvoice.berlin\/de\/rechtshinweise\/\"},{\"@type\":\"ListItem\",\"position\":3,\"name\":\"Gender-Hinweis:\"}]},{\"@type\":\"WebSite\",\"@id\":\"https:\/\/schoolofvoice.berlin\/de\/#website\",\"url\":\"https:\/\/schoolofvoice.berlin\/de\/\",\"name\":\"School Of Voice\",\"description\":\"Vocal Coaching - Music Lessons - Artist Development\",\"potentialAction\":[{\"@type\":\"SearchAction\",\"target\":{\"@type\":\"EntryPoint\",\"urlTemplate\":\"https:\/\/schoolofvoice.berlin\/de\/?s={search_term_string}\"},\"query-input\":\"required name=search_term_string\"}],\"inLanguage\":\"de-DE\"}]}<\/script>\n<!-- \/ Yoast SEO plugin. -->","yoast_head_json":{"title":"Gender-Hinweis | School Of Voice","description":"Unsere Inhalte wenden sich an alle Menschen, v\u00f6llig unabh\u00e4ngig vom Geschlecht. Dennoch wird aus Gr\u00fcnden der besseren Lesbarkeit auf unserer Webseite und in der School Of Voice auf die gleichzeitige Verwendung der Sprachformen m\u00e4nnlich, weiblich und divers verzichtet. Die verk\u00fcrzte Sprachform beinhaltet jedoch ausdr\u00fccklich keine Wertung, sondern gilt im Sinne der Gleichbehandlung grunds\u00e4tzlich f\u00fcr alle Geschlechter.","robots":{"index":"index","follow":"follow","max-snippet":"max-snippet:-1","max-image-preview":"max-image-preview:large","max-video-preview":"max-video-preview:-1"},"canonical":"https:\/\/schoolofvoice.berlin\/de\/rechtshinweise\/gender-hinweis\/","og_locale":"de_DE","og_type":"article","og_title":"Gender-Hinweis | School Of Voice","og_description":"Unsere Inhalte wenden sich an alle Menschen, v\u00f6llig unabh\u00e4ngig vom Geschlecht. Dennoch wird aus Gr\u00fcnden der besseren Lesbarkeit auf unserer Webseite und in der School Of Voice auf die gleichzeitige Verwendung der Sprachformen m\u00e4nnlich, weiblich und divers verzichtet. Die verk\u00fcrzte Sprachform beinhaltet jedoch ausdr\u00fccklich keine Wertung, sondern gilt im Sinne der Gleichbehandlung grunds\u00e4tzlich f\u00fcr alle Geschlechter.","og_url":"https:\/\/schoolofvoice.berlin\/de\/rechtshinweise\/gender-hinweis\/","og_site_name":"School Of Voice","article_modified_time":"2023-08-13T08:09:32+00:00","og_image":[{"width":400,"height":400,"url":"https:\/\/schoolofvoice.berlin\/de\/wp-content\/uploads\/sites\/3\/2022\/09\/SoV_LOGO-black_400px.jpeg","type":"image\/jpeg"}],"twitter_card":"summary_large_image","schema":{"@context":"https:\/\/schema.org","@graph":[{"@type":"WebPage","@id":"https:\/\/schoolofvoice.berlin\/de\/rechtshinweise\/gender-hinweis\/","url":"https:\/\/schoolofvoice.berlin\/de\/rechtshinweise\/gender-hinweis\/","name":"Gender-Hinweis | School Of Voice","isPartOf":{"@id":"https:\/\/schoolofvoice.berlin\/de\/#website"},"primaryImageOfPage":{"@id":"https:\/\/schoolofvoice.berlin\/de\/rechtshinweise\/gender-hinweis\/#primaryimage"},"image":{"@id":"https:\/\/schoolofvoice.berlin\/de\/rechtshinweise\/gender-hinweis\/#primaryimage"},"thumbnailUrl":"https:\/\/schoolofvoice.berlin\/de\/wp-content\/uploads\/sites\/3\/2022\/09\/SoV_LOGO-black_400px.jpeg","datePublished":"2023-08-13T08:07:50+00:00","dateModified":"2023-08-13T08:09:32+00:00","description":"Unsere Inhalte wenden sich an alle Menschen, v\u00f6llig unabh\u00e4ngig vom Geschlecht. Dennoch wird aus Gr\u00fcnden der besseren Lesbarkeit auf unserer Webseite und in der School Of Voice auf die gleichzeitige Verwendung der Sprachformen m\u00e4nnlich, weiblich und divers verzichtet. Die verk\u00fcrzte Sprachform beinhaltet jedoch ausdr\u00fccklich keine Wertung, sondern gilt im Sinne der Gleichbehandlung grunds\u00e4tzlich f\u00fcr alle Geschlechter.","breadcrumb":{"@id":"https:\/\/schoolofvoice.berlin\/de\/rechtshinweise\/gender-hinweis\/#breadcrumb"},"inLanguage":"de-DE","potentialAction":[{"@type":"ReadAction","target":["https:\/\/schoolofvoice.berlin\/de\/rechtshinweise\/gender-hinweis\/"]}]},{"@type":"ImageObject","inLanguage":"de-DE","@id":"https:\/\/schoolofvoice.berlin\/de\/rechtshinweise\/gender-hinweis\/#primaryimage","url":"https:\/\/schoolofvoice.berlin\/de\/wp-content\/uploads\/sites\/3\/2022\/09\/SoV_LOGO-black_400px.jpeg","contentUrl":"https:\/\/schoolofvoice.berlin\/de\/wp-content\/uploads\/sites\/3\/2022\/09\/SoV_LOGO-black_400px.jpeg","width":400,"height":400,"caption":"School Of Voice | So funktioniert es."},{"@type":"BreadcrumbList","@id":"https:\/\/schoolofvoice.berlin\/de\/rechtshinweise\/gender-hinweis\/#breadcrumb","itemListElement":[{"@type":"ListItem","position":1,"name":"Home","item":"https:\/\/schoolofvoice.berlin\/de\/"},{"@type":"ListItem","position":2,"name":"Rechtshinweise","item":"https:\/\/schoolofvoice.berlin\/de\/rechtshinweise\/"},{"@type":"ListItem","position":3,"name":"Gender-Hinweis:"}]},{"@type":"WebSite","@id":"https:\/\/schoolofvoice.berlin\/de\/#website","url":"https:\/\/schoolofvoice.berlin\/de\/","name":"School Of Voice","description":"Vocal Coaching - Music Lessons - Artist Development","potentialAction":[{"@type":"SearchAction","target":{"@type":"EntryPoint","urlTemplate":"https:\/\/schoolofvoice.berlin\/de\/?s={search_term_string}"},"query-input":"required name=search_term_string"}],"inLanguage":"de-DE"}]}},"_links":{"self":[{"href":"https:\/\/schoolofvoice.berlin\/de\/wp-json\/wp\/v2\/pages\/6425"}],"collection":[{"href":"https:\/\/schoolofvoice.berlin\/de\/wp-json\/wp\/v2\/pages"}],"about":[{"href":"https:\/\/schoolofvoice.berlin\/de\/wp-json\/wp\/v2\/types\/page"}],"author":[{"embeddable":true,"href":"https:\/\/schoolofvoice.berlin\/de\/wp-json\/wp\/v2\/users\/5"}],"replies":[{"embeddable":true,"href":"https:\/\/schoolofvoice.berlin\/de\/wp-json\/wp\/v2\/comments?post=6425"}],"version-history":[{"count":1,"href":"https:\/\/schoolofvoice.berlin\/de\/wp-json\/wp\/v2\/pages\/6425\/revisions"}],"predecessor-version":[{"id":6426,"href":"https:\/\/schoolofvoice.berlin\/de\/wp-json\/wp\/v2\/pages\/6425\/revisions\/6426"}],"up":[{"embeddable":true,"href":"https:\/\/schoolofvoice.berlin\/de\/wp-json\/wp\/v2\/pages\/5861"}],"wp:featuredmedia":[{"embeddable":true,"href":"https:\/\/schoolofvoice.berlin\/de\/wp-json\/wp\/v2\/media\/6362"}],"wp:attachment":[{"href":"https:\/\/schoolofvoice.berlin\/de\/wp-json\/wp\/v2\/media?parent=6425"}],"wp:term":[{"taxonomy":"category","embeddable":true,"href":"https:\/\/schoolofvoice.berlin\/de\/wp-json\/wp\/v2\/categories?post=6425"}],"curies":[{"name":"wp","href":"https:\/\/api.w.org\/{rel}","templated":true}]}}