{"id":6422,"date":"2023-07-30T13:50:58","date_gmt":"2023-07-30T11:50:58","guid":{"rendered":"https:\/\/schoolofvoice.berlin\/de\/?page_id=6422"},"modified":"2023-07-30T13:50:59","modified_gmt":"2023-07-30T11:50:59","slug":"daria-kozyk","status":"publish","type":"page","link":"https:\/\/schoolofvoice.berlin\/de\/ueber-uns\/lehrer\/daria-kozyk\/","title":{"rendered":"Daria Kozyk"},"content":{"rendered":"","protected":false},"excerpt":{"rendered":"","protected":false},"author":5,"featured_media":6421,"parent":170,"menu_order":0,"comment_status":"closed","ping_status":"closed","template":"","meta":{"footnotes":""},"categories":[175,182,183,179],"yoast_head":"<!-- This site is optimized with the Yoast SEO plugin v22.4 - https:\/\/yoast.com\/wordpress\/plugins\/seo\/ -->\n<title>Daria Kozyk - School Of Voice<\/title>\n<meta name=\"description\" content=\"Daria Kozyk lehrt an der Kara Johnstad School Of Voice. Sie ist eine hochqualifizierte Musikerin und erfahrene P\u00e4dagogin mit einer Leidenschaft f\u00fcr das Unterrichten von Stimmbildung, Gesangscoaching und Instrumentaltechniken f\u00fcr angehende K\u00fcnstler und Profis jeden Levels.\" \/>\n<meta name=\"robots\" content=\"index, follow, max-snippet:-1, max-image-preview:large, max-video-preview:-1\" \/>\n<link rel=\"canonical\" href=\"https:\/\/schoolofvoice.berlin\/de\/ueber-uns\/lehrer\/daria-kozyk\/\" \/>\n<meta property=\"og:locale\" content=\"de_DE\" \/>\n<meta property=\"og:type\" content=\"article\" \/>\n<meta property=\"og:title\" content=\"Daria Kozyk - School Of Voice\" \/>\n<meta property=\"og:description\" content=\"Daria Kozyk lehrt an der Kara Johnstad School Of Voice. Sie ist eine hochqualifizierte Musikerin und erfahrene P\u00e4dagogin mit einer Leidenschaft f\u00fcr das Unterrichten von Stimmbildung, Gesangscoaching und Instrumentaltechniken f\u00fcr angehende K\u00fcnstler und Profis jeden Levels.\" \/>\n<meta property=\"og:url\" content=\"https:\/\/schoolofvoice.berlin\/de\/ueber-uns\/lehrer\/daria-kozyk\/\" \/>\n<meta property=\"og:site_name\" content=\"School Of Voice\" \/>\n<meta property=\"article:modified_time\" content=\"2023-07-30T11:50:59+00:00\" \/>\n<meta property=\"og:image\" content=\"https:\/\/schoolofvoice.berlin\/de\/wp-content\/uploads\/sites\/3\/2023\/07\/Daria-Kozyk_portrait_450px_web-e1690717716637.png\" \/>\n\t<meta property=\"og:image:width\" content=\"450\" \/>\n\t<meta property=\"og:image:height\" content=\"450\" \/>\n\t<meta property=\"og:image:type\" content=\"image\/png\" \/>\n<meta name=\"twitter:card\" content=\"summary_large_image\" \/>\n<script type=\"application\/ld+json\" class=\"yoast-schema-graph\">{\"@context\":\"https:\/\/schema.org\",\"@graph\":[{\"@type\":\"WebPage\",\"@id\":\"https:\/\/schoolofvoice.berlin\/de\/ueber-uns\/lehrer\/daria-kozyk\/\",\"url\":\"https:\/\/schoolofvoice.berlin\/de\/ueber-uns\/lehrer\/daria-kozyk\/\",\"name\":\"Daria Kozyk - School Of Voice\",\"isPartOf\":{\"@id\":\"https:\/\/schoolofvoice.berlin\/de\/#website\"},\"primaryImageOfPage\":{\"@id\":\"https:\/\/schoolofvoice.berlin\/de\/ueber-uns\/lehrer\/daria-kozyk\/#primaryimage\"},\"image\":{\"@id\":\"https:\/\/schoolofvoice.berlin\/de\/ueber-uns\/lehrer\/daria-kozyk\/#primaryimage\"},\"thumbnailUrl\":\"https:\/\/schoolofvoice.berlin\/de\/wp-content\/uploads\/sites\/3\/2023\/07\/Daria-Kozyk_portrait_450px_web-e1690717716637.png\",\"datePublished\":\"2023-07-30T11:50:58+00:00\",\"dateModified\":\"2023-07-30T11:50:59+00:00\",\"description\":\"Daria Kozyk lehrt an der Kara Johnstad School Of Voice. Sie ist eine hochqualifizierte Musikerin und erfahrene P\u00e4dagogin mit einer Leidenschaft f\u00fcr das Unterrichten von Stimmbildung, Gesangscoaching und Instrumentaltechniken f\u00fcr angehende K\u00fcnstler und Profis jeden Levels.\",\"breadcrumb\":{\"@id\":\"https:\/\/schoolofvoice.berlin\/de\/ueber-uns\/lehrer\/daria-kozyk\/#breadcrumb\"},\"inLanguage\":\"de-DE\",\"potentialAction\":[{\"@type\":\"ReadAction\",\"target\":[\"https:\/\/schoolofvoice.berlin\/de\/ueber-uns\/lehrer\/daria-kozyk\/\"]}]},{\"@type\":\"ImageObject\",\"inLanguage\":\"de-DE\",\"@id\":\"https:\/\/schoolofvoice.berlin\/de\/ueber-uns\/lehrer\/daria-kozyk\/#primaryimage\",\"url\":\"https:\/\/schoolofvoice.berlin\/de\/wp-content\/uploads\/sites\/3\/2023\/07\/Daria-Kozyk_portrait_450px_web-e1690717716637.png\",\"contentUrl\":\"https:\/\/schoolofvoice.berlin\/de\/wp-content\/uploads\/sites\/3\/2023\/07\/Daria-Kozyk_portrait_450px_web-e1690717716637.png\",\"width\":450,\"height\":450,\"caption\":\"Daria Kozyk | Dozentin an der Kara Johnstad School Of Voice\"},{\"@type\":\"BreadcrumbList\",\"@id\":\"https:\/\/schoolofvoice.berlin\/de\/ueber-uns\/lehrer\/daria-kozyk\/#breadcrumb\",\"itemListElement\":[{\"@type\":\"ListItem\",\"position\":1,\"name\":\"Home\",\"item\":\"https:\/\/schoolofvoice.berlin\/de\/\"},{\"@type\":\"ListItem\",\"position\":2,\"name\":\"\u00dcber uns\",\"item\":\"https:\/\/schoolofvoice.berlin\/de\/ueber-uns\/\"},{\"@type\":\"ListItem\",\"position\":3,\"name\":\"Unsere Lehrer:innen\",\"item\":\"https:\/\/schoolofvoice.berlin\/de\/ueber-uns\/lehrer\/\"},{\"@type\":\"ListItem\",\"position\":4,\"name\":\"Daria Kozyk\"}]},{\"@type\":\"WebSite\",\"@id\":\"https:\/\/schoolofvoice.berlin\/de\/#website\",\"url\":\"https:\/\/schoolofvoice.berlin\/de\/\",\"name\":\"School Of Voice\",\"description\":\"Vocal Coaching - Music Lessons - Artist Development\",\"potentialAction\":[{\"@type\":\"SearchAction\",\"target\":{\"@type\":\"EntryPoint\",\"urlTemplate\":\"https:\/\/schoolofvoice.berlin\/de\/?s={search_term_string}\"},\"query-input\":\"required name=search_term_string\"}],\"inLanguage\":\"de-DE\"}]}<\/script>\n<!-- \/ Yoast SEO plugin. -->","yoast_head_json":{"title":"Daria Kozyk - School Of Voice","description":"Daria Kozyk lehrt an der Kara Johnstad School Of Voice. Sie ist eine hochqualifizierte Musikerin und erfahrene P\u00e4dagogin mit einer Leidenschaft f\u00fcr das Unterrichten von Stimmbildung, Gesangscoaching und Instrumentaltechniken f\u00fcr angehende K\u00fcnstler und Profis jeden Levels.","robots":{"index":"index","follow":"follow","max-snippet":"max-snippet:-1","max-image-preview":"max-image-preview:large","max-video-preview":"max-video-preview:-1"},"canonical":"https:\/\/schoolofvoice.berlin\/de\/ueber-uns\/lehrer\/daria-kozyk\/","og_locale":"de_DE","og_type":"article","og_title":"Daria Kozyk - School Of Voice","og_description":"Daria Kozyk lehrt an der Kara Johnstad School Of Voice. Sie ist eine hochqualifizierte Musikerin und erfahrene P\u00e4dagogin mit einer Leidenschaft f\u00fcr das Unterrichten von Stimmbildung, Gesangscoaching und Instrumentaltechniken f\u00fcr angehende K\u00fcnstler und Profis jeden Levels.","og_url":"https:\/\/schoolofvoice.berlin\/de\/ueber-uns\/lehrer\/daria-kozyk\/","og_site_name":"School Of Voice","article_modified_time":"2023-07-30T11:50:59+00:00","og_image":[{"width":450,"height":450,"url":"https:\/\/schoolofvoice.berlin\/de\/wp-content\/uploads\/sites\/3\/2023\/07\/Daria-Kozyk_portrait_450px_web-e1690717716637.png","type":"image\/png"}],"twitter_card":"summary_large_image","schema":{"@context":"https:\/\/schema.org","@graph":[{"@type":"WebPage","@id":"https:\/\/schoolofvoice.berlin\/de\/ueber-uns\/lehrer\/daria-kozyk\/","url":"https:\/\/schoolofvoice.berlin\/de\/ueber-uns\/lehrer\/daria-kozyk\/","name":"Daria Kozyk - School Of Voice","isPartOf":{"@id":"https:\/\/schoolofvoice.berlin\/de\/#website"},"primaryImageOfPage":{"@id":"https:\/\/schoolofvoice.berlin\/de\/ueber-uns\/lehrer\/daria-kozyk\/#primaryimage"},"image":{"@id":"https:\/\/schoolofvoice.berlin\/de\/ueber-uns\/lehrer\/daria-kozyk\/#primaryimage"},"thumbnailUrl":"https:\/\/schoolofvoice.berlin\/de\/wp-content\/uploads\/sites\/3\/2023\/07\/Daria-Kozyk_portrait_450px_web-e1690717716637.png","datePublished":"2023-07-30T11:50:58+00:00","dateModified":"2023-07-30T11:50:59+00:00","description":"Daria Kozyk lehrt an der Kara Johnstad School Of Voice. Sie ist eine hochqualifizierte Musikerin und erfahrene P\u00e4dagogin mit einer Leidenschaft f\u00fcr das Unterrichten von Stimmbildung, Gesangscoaching und Instrumentaltechniken f\u00fcr angehende K\u00fcnstler und Profis jeden Levels.","breadcrumb":{"@id":"https:\/\/schoolofvoice.berlin\/de\/ueber-uns\/lehrer\/daria-kozyk\/#breadcrumb"},"inLanguage":"de-DE","potentialAction":[{"@type":"ReadAction","target":["https:\/\/schoolofvoice.berlin\/de\/ueber-uns\/lehrer\/daria-kozyk\/"]}]},{"@type":"ImageObject","inLanguage":"de-DE","@id":"https:\/\/schoolofvoice.berlin\/de\/ueber-uns\/lehrer\/daria-kozyk\/#primaryimage","url":"https:\/\/schoolofvoice.berlin\/de\/wp-content\/uploads\/sites\/3\/2023\/07\/Daria-Kozyk_portrait_450px_web-e1690717716637.png","contentUrl":"https:\/\/schoolofvoice.berlin\/de\/wp-content\/uploads\/sites\/3\/2023\/07\/Daria-Kozyk_portrait_450px_web-e1690717716637.png","width":450,"height":450,"caption":"Daria Kozyk | Dozentin an der Kara Johnstad School Of Voice"},{"@type":"BreadcrumbList","@id":"https:\/\/schoolofvoice.berlin\/de\/ueber-uns\/lehrer\/daria-kozyk\/#breadcrumb","itemListElement":[{"@type":"ListItem","position":1,"name":"Home","item":"https:\/\/schoolofvoice.berlin\/de\/"},{"@type":"ListItem","position":2,"name":"\u00dcber uns","item":"https:\/\/schoolofvoice.berlin\/de\/ueber-uns\/"},{"@type":"ListItem","position":3,"name":"Unsere Lehrer:innen","item":"https:\/\/schoolofvoice.berlin\/de\/ueber-uns\/lehrer\/"},{"@type":"ListItem","position":4,"name":"Daria Kozyk"}]},{"@type":"WebSite","@id":"https:\/\/schoolofvoice.berlin\/de\/#website","url":"https:\/\/schoolofvoice.berlin\/de\/","name":"School Of Voice","description":"Vocal Coaching - Music Lessons - Artist Development","potentialAction":[{"@type":"SearchAction","target":{"@type":"EntryPoint","urlTemplate":"https:\/\/schoolofvoice.berlin\/de\/?s={search_term_string}"},"query-input":"required name=search_term_string"}],"inLanguage":"de-DE"}]}},"_links":{"self":[{"href":"https:\/\/schoolofvoice.berlin\/de\/wp-json\/wp\/v2\/pages\/6422"}],"collection":[{"href":"https:\/\/schoolofvoice.berlin\/de\/wp-json\/wp\/v2\/pages"}],"about":[{"href":"https:\/\/schoolofvoice.berlin\/de\/wp-json\/wp\/v2\/types\/page"}],"author":[{"embeddable":true,"href":"https:\/\/schoolofvoice.berlin\/de\/wp-json\/wp\/v2\/users\/5"}],"replies":[{"embeddable":true,"href":"https:\/\/schoolofvoice.berlin\/de\/wp-json\/wp\/v2\/comments?post=6422"}],"version-history":[{"count":1,"href":"https:\/\/schoolofvoice.berlin\/de\/wp-json\/wp\/v2\/pages\/6422\/revisions"}],"predecessor-version":[{"id":6423,"href":"https:\/\/schoolofvoice.berlin\/de\/wp-json\/wp\/v2\/pages\/6422\/revisions\/6423"}],"up":[{"embeddable":true,"href":"https:\/\/schoolofvoice.berlin\/de\/wp-json\/wp\/v2\/pages\/170"}],"wp:featuredmedia":[{"embeddable":true,"href":"https:\/\/schoolofvoice.berlin\/de\/wp-json\/wp\/v2\/media\/6421"}],"wp:attachment":[{"href":"https:\/\/schoolofvoice.berlin\/de\/wp-json\/wp\/v2\/media?parent=6422"}],"wp:term":[{"taxonomy":"category","embeddable":true,"href":"https:\/\/schoolofvoice.berlin\/de\/wp-json\/wp\/v2\/categories?post=6422"}],"curies":[{"name":"wp","href":"https:\/\/api.w.org\/{rel}","templated":true}]}}