{"id":6407,"date":"2023-06-22T17:23:50","date_gmt":"2023-06-22T15:23:50","guid":{"rendered":"https:\/\/schoolofvoice.berlin\/de\/?page_id=6407"},"modified":"2023-06-22T17:23:51","modified_gmt":"2023-06-22T15:23:51","slug":"sarah-vautour","status":"publish","type":"page","link":"https:\/\/schoolofvoice.berlin\/de\/ueber-uns\/lehrer\/sarah-vautour\/","title":{"rendered":"Sarah Vautour"},"content":{"rendered":"","protected":false},"excerpt":{"rendered":"","protected":false},"author":5,"featured_media":6408,"parent":170,"menu_order":0,"comment_status":"closed","ping_status":"closed","template":"","meta":{"footnotes":""},"categories":[175,142,179],"yoast_head":"<!-- This site is optimized with the Yoast SEO plugin v22.4 - https:\/\/yoast.com\/wordpress\/plugins\/seo\/ -->\n<title>Sarah Vautour - School Of Voice<\/title>\n<meta name=\"description\" content=\"Lehrerin an der Kara Johnstad School Of Voice - Sarah Vautour ist eine hochqualifizierte S\u00e4ngerin und P\u00e4dagogin mit einer Leidenschaft f\u00fcr das Unterrichten von Stimmbildung, Vocal Coaching und Instrumentaltechniken f\u00fcr angehende und hochprofessionelle K\u00fcnstler:innen gleicherma\u00dfen.\" \/>\n<meta name=\"robots\" content=\"index, follow, max-snippet:-1, max-image-preview:large, max-video-preview:-1\" \/>\n<link rel=\"canonical\" href=\"https:\/\/schoolofvoice.berlin\/de\/ueber-uns\/lehrer\/sarah-vautour\/\" \/>\n<meta property=\"og:locale\" content=\"de_DE\" \/>\n<meta property=\"og:type\" content=\"article\" \/>\n<meta property=\"og:title\" content=\"Sarah Vautour - School Of Voice\" \/>\n<meta property=\"og:description\" content=\"Lehrerin an der Kara Johnstad School Of Voice - Sarah Vautour ist eine hochqualifizierte S\u00e4ngerin und P\u00e4dagogin mit einer Leidenschaft f\u00fcr das Unterrichten von Stimmbildung, Vocal Coaching und Instrumentaltechniken f\u00fcr angehende und hochprofessionelle K\u00fcnstler:innen gleicherma\u00dfen.\" \/>\n<meta property=\"og:url\" content=\"https:\/\/schoolofvoice.berlin\/de\/ueber-uns\/lehrer\/sarah-vautour\/\" \/>\n<meta property=\"og:site_name\" content=\"School Of Voice\" \/>\n<meta property=\"article:modified_time\" content=\"2023-06-22T15:23:51+00:00\" \/>\n<meta property=\"og:image\" content=\"https:\/\/schoolofvoice.berlin\/de\/wp-content\/uploads\/sites\/3\/2023\/06\/draft_sarah-vautour.jpg\" \/>\n\t<meta property=\"og:image:width\" content=\"636\" \/>\n\t<meta property=\"og:image:height\" content=\"636\" \/>\n\t<meta property=\"og:image:type\" content=\"image\/jpeg\" \/>\n<meta name=\"twitter:card\" content=\"summary_large_image\" \/>\n<script type=\"application\/ld+json\" class=\"yoast-schema-graph\">{\"@context\":\"https:\/\/schema.org\",\"@graph\":[{\"@type\":\"WebPage\",\"@id\":\"https:\/\/schoolofvoice.berlin\/de\/ueber-uns\/lehrer\/sarah-vautour\/\",\"url\":\"https:\/\/schoolofvoice.berlin\/de\/ueber-uns\/lehrer\/sarah-vautour\/\",\"name\":\"Sarah Vautour - School Of Voice\",\"isPartOf\":{\"@id\":\"https:\/\/schoolofvoice.berlin\/de\/#website\"},\"primaryImageOfPage\":{\"@id\":\"https:\/\/schoolofvoice.berlin\/de\/ueber-uns\/lehrer\/sarah-vautour\/#primaryimage\"},\"image\":{\"@id\":\"https:\/\/schoolofvoice.berlin\/de\/ueber-uns\/lehrer\/sarah-vautour\/#primaryimage\"},\"thumbnailUrl\":\"https:\/\/schoolofvoice.berlin\/de\/wp-content\/uploads\/sites\/3\/2023\/06\/draft_sarah-vautour.jpg\",\"datePublished\":\"2023-06-22T15:23:50+00:00\",\"dateModified\":\"2023-06-22T15:23:51+00:00\",\"description\":\"Lehrerin an der Kara Johnstad School Of Voice - Sarah Vautour ist eine hochqualifizierte S\u00e4ngerin und P\u00e4dagogin mit einer Leidenschaft f\u00fcr das Unterrichten von Stimmbildung, Vocal Coaching und Instrumentaltechniken f\u00fcr angehende und hochprofessionelle K\u00fcnstler:innen gleicherma\u00dfen.\",\"breadcrumb\":{\"@id\":\"https:\/\/schoolofvoice.berlin\/de\/ueber-uns\/lehrer\/sarah-vautour\/#breadcrumb\"},\"inLanguage\":\"de-DE\",\"potentialAction\":[{\"@type\":\"ReadAction\",\"target\":[\"https:\/\/schoolofvoice.berlin\/de\/ueber-uns\/lehrer\/sarah-vautour\/\"]}]},{\"@type\":\"ImageObject\",\"inLanguage\":\"de-DE\",\"@id\":\"https:\/\/schoolofvoice.berlin\/de\/ueber-uns\/lehrer\/sarah-vautour\/#primaryimage\",\"url\":\"https:\/\/schoolofvoice.berlin\/de\/wp-content\/uploads\/sites\/3\/2023\/06\/draft_sarah-vautour.jpg\",\"contentUrl\":\"https:\/\/schoolofvoice.berlin\/de\/wp-content\/uploads\/sites\/3\/2023\/06\/draft_sarah-vautour.jpg\",\"width\":636,\"height\":636},{\"@type\":\"BreadcrumbList\",\"@id\":\"https:\/\/schoolofvoice.berlin\/de\/ueber-uns\/lehrer\/sarah-vautour\/#breadcrumb\",\"itemListElement\":[{\"@type\":\"ListItem\",\"position\":1,\"name\":\"Home\",\"item\":\"https:\/\/schoolofvoice.berlin\/de\/\"},{\"@type\":\"ListItem\",\"position\":2,\"name\":\"\u00dcber uns\",\"item\":\"https:\/\/schoolofvoice.berlin\/de\/ueber-uns\/\"},{\"@type\":\"ListItem\",\"position\":3,\"name\":\"Unsere Lehrer:innen\",\"item\":\"https:\/\/schoolofvoice.berlin\/de\/ueber-uns\/lehrer\/\"},{\"@type\":\"ListItem\",\"position\":4,\"name\":\"Sarah Vautour\"}]},{\"@type\":\"WebSite\",\"@id\":\"https:\/\/schoolofvoice.berlin\/de\/#website\",\"url\":\"https:\/\/schoolofvoice.berlin\/de\/\",\"name\":\"School Of Voice\",\"description\":\"Vocal Coaching - Music Lessons - Artist Development\",\"potentialAction\":[{\"@type\":\"SearchAction\",\"target\":{\"@type\":\"EntryPoint\",\"urlTemplate\":\"https:\/\/schoolofvoice.berlin\/de\/?s={search_term_string}\"},\"query-input\":\"required name=search_term_string\"}],\"inLanguage\":\"de-DE\"}]}<\/script>\n<!-- \/ Yoast SEO plugin. -->","yoast_head_json":{"title":"Sarah Vautour - School Of Voice","description":"Lehrerin an der Kara Johnstad School Of Voice - Sarah Vautour ist eine hochqualifizierte S\u00e4ngerin und P\u00e4dagogin mit einer Leidenschaft f\u00fcr das Unterrichten von Stimmbildung, Vocal Coaching und Instrumentaltechniken f\u00fcr angehende und hochprofessionelle K\u00fcnstler:innen gleicherma\u00dfen.","robots":{"index":"index","follow":"follow","max-snippet":"max-snippet:-1","max-image-preview":"max-image-preview:large","max-video-preview":"max-video-preview:-1"},"canonical":"https:\/\/schoolofvoice.berlin\/de\/ueber-uns\/lehrer\/sarah-vautour\/","og_locale":"de_DE","og_type":"article","og_title":"Sarah Vautour - School Of Voice","og_description":"Lehrerin an der Kara Johnstad School Of Voice - Sarah Vautour ist eine hochqualifizierte S\u00e4ngerin und P\u00e4dagogin mit einer Leidenschaft f\u00fcr das Unterrichten von Stimmbildung, Vocal Coaching und Instrumentaltechniken f\u00fcr angehende und hochprofessionelle K\u00fcnstler:innen gleicherma\u00dfen.","og_url":"https:\/\/schoolofvoice.berlin\/de\/ueber-uns\/lehrer\/sarah-vautour\/","og_site_name":"School Of Voice","article_modified_time":"2023-06-22T15:23:51+00:00","og_image":[{"width":636,"height":636,"url":"https:\/\/schoolofvoice.berlin\/de\/wp-content\/uploads\/sites\/3\/2023\/06\/draft_sarah-vautour.jpg","type":"image\/jpeg"}],"twitter_card":"summary_large_image","schema":{"@context":"https:\/\/schema.org","@graph":[{"@type":"WebPage","@id":"https:\/\/schoolofvoice.berlin\/de\/ueber-uns\/lehrer\/sarah-vautour\/","url":"https:\/\/schoolofvoice.berlin\/de\/ueber-uns\/lehrer\/sarah-vautour\/","name":"Sarah Vautour - School Of Voice","isPartOf":{"@id":"https:\/\/schoolofvoice.berlin\/de\/#website"},"primaryImageOfPage":{"@id":"https:\/\/schoolofvoice.berlin\/de\/ueber-uns\/lehrer\/sarah-vautour\/#primaryimage"},"image":{"@id":"https:\/\/schoolofvoice.berlin\/de\/ueber-uns\/lehrer\/sarah-vautour\/#primaryimage"},"thumbnailUrl":"https:\/\/schoolofvoice.berlin\/de\/wp-content\/uploads\/sites\/3\/2023\/06\/draft_sarah-vautour.jpg","datePublished":"2023-06-22T15:23:50+00:00","dateModified":"2023-06-22T15:23:51+00:00","description":"Lehrerin an der Kara Johnstad School Of Voice - Sarah Vautour ist eine hochqualifizierte S\u00e4ngerin und P\u00e4dagogin mit einer Leidenschaft f\u00fcr das Unterrichten von Stimmbildung, Vocal Coaching und Instrumentaltechniken f\u00fcr angehende und hochprofessionelle K\u00fcnstler:innen gleicherma\u00dfen.","breadcrumb":{"@id":"https:\/\/schoolofvoice.berlin\/de\/ueber-uns\/lehrer\/sarah-vautour\/#breadcrumb"},"inLanguage":"de-DE","potentialAction":[{"@type":"ReadAction","target":["https:\/\/schoolofvoice.berlin\/de\/ueber-uns\/lehrer\/sarah-vautour\/"]}]},{"@type":"ImageObject","inLanguage":"de-DE","@id":"https:\/\/schoolofvoice.berlin\/de\/ueber-uns\/lehrer\/sarah-vautour\/#primaryimage","url":"https:\/\/schoolofvoice.berlin\/de\/wp-content\/uploads\/sites\/3\/2023\/06\/draft_sarah-vautour.jpg","contentUrl":"https:\/\/schoolofvoice.berlin\/de\/wp-content\/uploads\/sites\/3\/2023\/06\/draft_sarah-vautour.jpg","width":636,"height":636},{"@type":"BreadcrumbList","@id":"https:\/\/schoolofvoice.berlin\/de\/ueber-uns\/lehrer\/sarah-vautour\/#breadcrumb","itemListElement":[{"@type":"ListItem","position":1,"name":"Home","item":"https:\/\/schoolofvoice.berlin\/de\/"},{"@type":"ListItem","position":2,"name":"\u00dcber uns","item":"https:\/\/schoolofvoice.berlin\/de\/ueber-uns\/"},{"@type":"ListItem","position":3,"name":"Unsere Lehrer:innen","item":"https:\/\/schoolofvoice.berlin\/de\/ueber-uns\/lehrer\/"},{"@type":"ListItem","position":4,"name":"Sarah Vautour"}]},{"@type":"WebSite","@id":"https:\/\/schoolofvoice.berlin\/de\/#website","url":"https:\/\/schoolofvoice.berlin\/de\/","name":"School Of Voice","description":"Vocal Coaching - Music Lessons - Artist Development","potentialAction":[{"@type":"SearchAction","target":{"@type":"EntryPoint","urlTemplate":"https:\/\/schoolofvoice.berlin\/de\/?s={search_term_string}"},"query-input":"required name=search_term_string"}],"inLanguage":"de-DE"}]}},"_links":{"self":[{"href":"https:\/\/schoolofvoice.berlin\/de\/wp-json\/wp\/v2\/pages\/6407"}],"collection":[{"href":"https:\/\/schoolofvoice.berlin\/de\/wp-json\/wp\/v2\/pages"}],"about":[{"href":"https:\/\/schoolofvoice.berlin\/de\/wp-json\/wp\/v2\/types\/page"}],"author":[{"embeddable":true,"href":"https:\/\/schoolofvoice.berlin\/de\/wp-json\/wp\/v2\/users\/5"}],"replies":[{"embeddable":true,"href":"https:\/\/schoolofvoice.berlin\/de\/wp-json\/wp\/v2\/comments?post=6407"}],"version-history":[{"count":1,"href":"https:\/\/schoolofvoice.berlin\/de\/wp-json\/wp\/v2\/pages\/6407\/revisions"}],"predecessor-version":[{"id":6409,"href":"https:\/\/schoolofvoice.berlin\/de\/wp-json\/wp\/v2\/pages\/6407\/revisions\/6409"}],"up":[{"embeddable":true,"href":"https:\/\/schoolofvoice.berlin\/de\/wp-json\/wp\/v2\/pages\/170"}],"wp:featuredmedia":[{"embeddable":true,"href":"https:\/\/schoolofvoice.berlin\/de\/wp-json\/wp\/v2\/media\/6408"}],"wp:attachment":[{"href":"https:\/\/schoolofvoice.berlin\/de\/wp-json\/wp\/v2\/media?parent=6407"}],"wp:term":[{"taxonomy":"category","embeddable":true,"href":"https:\/\/schoolofvoice.berlin\/de\/wp-json\/wp\/v2\/categories?post=6407"}],"curies":[{"name":"wp","href":"https:\/\/api.w.org\/{rel}","templated":true}]}}