{"id":6361,"date":"2022-09-07T20:20:04","date_gmt":"2022-09-07T18:20:04","guid":{"rendered":"https:\/\/schoolofvoice.berlin\/de\/?page_id=6361"},"modified":"2022-09-07T20:20:06","modified_gmt":"2022-09-07T18:20:06","slug":"rahmenbedingungen","status":"publish","type":"page","link":"https:\/\/schoolofvoice.berlin\/de\/starte-hier\/rahmenbedingungen\/","title":{"rendered":"So funktioniert es."},"content":{"rendered":"","protected":false},"excerpt":{"rendered":"","protected":false},"author":5,"featured_media":6362,"parent":5847,"menu_order":0,"comment_status":"closed","ping_status":"closed","template":"","meta":{"footnotes":""},"categories":[],"yoast_head":"<!-- This site is optimized with the Yoast SEO plugin v22.4 - https:\/\/yoast.com\/wordpress\/plugins\/seo\/ -->\n<title>So funktioniert es. - School Of Voice<\/title>\n<meta name=\"description\" content=\"Woran wir uns halten, wenn wir die School of Voice betreiben. Damit wir unser &quot;bestes Selbst&quot; in das Team einbringen k\u00f6nnen, m\u00fcssen wir dasselbe Verst\u00e4ndnis dar\u00fcber haben, wie wir zusammenarbeiten wollen.\" \/>\n<meta name=\"robots\" content=\"index, follow, max-snippet:-1, max-image-preview:large, max-video-preview:-1\" \/>\n<link rel=\"canonical\" href=\"https:\/\/schoolofvoice.berlin\/de\/starte-hier\/rahmenbedingungen\/\" \/>\n<meta property=\"og:locale\" content=\"de_DE\" \/>\n<meta property=\"og:type\" content=\"article\" \/>\n<meta property=\"og:title\" content=\"So funktioniert es. - School Of Voice\" \/>\n<meta property=\"og:description\" content=\"Woran wir uns halten, wenn wir die School of Voice betreiben. Damit wir unser &quot;bestes Selbst&quot; in das Team einbringen k\u00f6nnen, m\u00fcssen wir dasselbe Verst\u00e4ndnis dar\u00fcber haben, wie wir zusammenarbeiten wollen.\" \/>\n<meta property=\"og:url\" content=\"https:\/\/schoolofvoice.berlin\/de\/starte-hier\/rahmenbedingungen\/\" \/>\n<meta property=\"og:site_name\" content=\"School Of Voice\" \/>\n<meta property=\"article:modified_time\" content=\"2022-09-07T18:20:06+00:00\" \/>\n<meta property=\"og:image\" content=\"https:\/\/schoolofvoice.berlin\/de\/wp-content\/uploads\/sites\/3\/2022\/09\/SoV_LOGO-black_400px.jpeg\" \/>\n\t<meta property=\"og:image:width\" content=\"400\" \/>\n\t<meta property=\"og:image:height\" content=\"400\" \/>\n\t<meta property=\"og:image:type\" content=\"image\/jpeg\" \/>\n<meta name=\"twitter:card\" content=\"summary_large_image\" \/>\n<script type=\"application\/ld+json\" class=\"yoast-schema-graph\">{\"@context\":\"https:\/\/schema.org\",\"@graph\":[{\"@type\":\"WebPage\",\"@id\":\"https:\/\/schoolofvoice.berlin\/de\/starte-hier\/rahmenbedingungen\/\",\"url\":\"https:\/\/schoolofvoice.berlin\/de\/starte-hier\/rahmenbedingungen\/\",\"name\":\"So funktioniert es. - School Of Voice\",\"isPartOf\":{\"@id\":\"https:\/\/schoolofvoice.berlin\/de\/#website\"},\"primaryImageOfPage\":{\"@id\":\"https:\/\/schoolofvoice.berlin\/de\/starte-hier\/rahmenbedingungen\/#primaryimage\"},\"image\":{\"@id\":\"https:\/\/schoolofvoice.berlin\/de\/starte-hier\/rahmenbedingungen\/#primaryimage\"},\"thumbnailUrl\":\"https:\/\/schoolofvoice.berlin\/de\/wp-content\/uploads\/sites\/3\/2022\/09\/SoV_LOGO-black_400px.jpeg\",\"datePublished\":\"2022-09-07T18:20:04+00:00\",\"dateModified\":\"2022-09-07T18:20:06+00:00\",\"description\":\"Woran wir uns halten, wenn wir die School of Voice betreiben. Damit wir unser \\\"bestes Selbst\\\" in das Team einbringen k\u00f6nnen, m\u00fcssen wir dasselbe Verst\u00e4ndnis dar\u00fcber haben, wie wir zusammenarbeiten wollen.\",\"breadcrumb\":{\"@id\":\"https:\/\/schoolofvoice.berlin\/de\/starte-hier\/rahmenbedingungen\/#breadcrumb\"},\"inLanguage\":\"de-DE\",\"potentialAction\":[{\"@type\":\"ReadAction\",\"target\":[\"https:\/\/schoolofvoice.berlin\/de\/starte-hier\/rahmenbedingungen\/\"]}]},{\"@type\":\"ImageObject\",\"inLanguage\":\"de-DE\",\"@id\":\"https:\/\/schoolofvoice.berlin\/de\/starte-hier\/rahmenbedingungen\/#primaryimage\",\"url\":\"https:\/\/schoolofvoice.berlin\/de\/wp-content\/uploads\/sites\/3\/2022\/09\/SoV_LOGO-black_400px.jpeg\",\"contentUrl\":\"https:\/\/schoolofvoice.berlin\/de\/wp-content\/uploads\/sites\/3\/2022\/09\/SoV_LOGO-black_400px.jpeg\",\"width\":400,\"height\":400,\"caption\":\"School Of Voice | So funktioniert es.\"},{\"@type\":\"BreadcrumbList\",\"@id\":\"https:\/\/schoolofvoice.berlin\/de\/starte-hier\/rahmenbedingungen\/#breadcrumb\",\"itemListElement\":[{\"@type\":\"ListItem\",\"position\":1,\"name\":\"Home\",\"item\":\"https:\/\/schoolofvoice.berlin\/de\/\"},{\"@type\":\"ListItem\",\"position\":2,\"name\":\"Starte hier\",\"item\":\"https:\/\/schoolofvoice.berlin\/de\/starte-hier\/\"},{\"@type\":\"ListItem\",\"position\":3,\"name\":\"So funktioniert es.\"}]},{\"@type\":\"WebSite\",\"@id\":\"https:\/\/schoolofvoice.berlin\/de\/#website\",\"url\":\"https:\/\/schoolofvoice.berlin\/de\/\",\"name\":\"School Of Voice\",\"description\":\"Vocal Coaching - Music Lessons - Artist Development\",\"potentialAction\":[{\"@type\":\"SearchAction\",\"target\":{\"@type\":\"EntryPoint\",\"urlTemplate\":\"https:\/\/schoolofvoice.berlin\/de\/?s={search_term_string}\"},\"query-input\":\"required name=search_term_string\"}],\"inLanguage\":\"de-DE\"}]}<\/script>\n<!-- \/ Yoast SEO plugin. -->","yoast_head_json":{"title":"So funktioniert es. - School Of Voice","description":"Woran wir uns halten, wenn wir die School of Voice betreiben. Damit wir unser \"bestes Selbst\" in das Team einbringen k\u00f6nnen, m\u00fcssen wir dasselbe Verst\u00e4ndnis dar\u00fcber haben, wie wir zusammenarbeiten wollen.","robots":{"index":"index","follow":"follow","max-snippet":"max-snippet:-1","max-image-preview":"max-image-preview:large","max-video-preview":"max-video-preview:-1"},"canonical":"https:\/\/schoolofvoice.berlin\/de\/starte-hier\/rahmenbedingungen\/","og_locale":"de_DE","og_type":"article","og_title":"So funktioniert es. - School Of Voice","og_description":"Woran wir uns halten, wenn wir die School of Voice betreiben. Damit wir unser \"bestes Selbst\" in das Team einbringen k\u00f6nnen, m\u00fcssen wir dasselbe Verst\u00e4ndnis dar\u00fcber haben, wie wir zusammenarbeiten wollen.","og_url":"https:\/\/schoolofvoice.berlin\/de\/starte-hier\/rahmenbedingungen\/","og_site_name":"School Of Voice","article_modified_time":"2022-09-07T18:20:06+00:00","og_image":[{"width":400,"height":400,"url":"https:\/\/schoolofvoice.berlin\/de\/wp-content\/uploads\/sites\/3\/2022\/09\/SoV_LOGO-black_400px.jpeg","type":"image\/jpeg"}],"twitter_card":"summary_large_image","schema":{"@context":"https:\/\/schema.org","@graph":[{"@type":"WebPage","@id":"https:\/\/schoolofvoice.berlin\/de\/starte-hier\/rahmenbedingungen\/","url":"https:\/\/schoolofvoice.berlin\/de\/starte-hier\/rahmenbedingungen\/","name":"So funktioniert es. - School Of Voice","isPartOf":{"@id":"https:\/\/schoolofvoice.berlin\/de\/#website"},"primaryImageOfPage":{"@id":"https:\/\/schoolofvoice.berlin\/de\/starte-hier\/rahmenbedingungen\/#primaryimage"},"image":{"@id":"https:\/\/schoolofvoice.berlin\/de\/starte-hier\/rahmenbedingungen\/#primaryimage"},"thumbnailUrl":"https:\/\/schoolofvoice.berlin\/de\/wp-content\/uploads\/sites\/3\/2022\/09\/SoV_LOGO-black_400px.jpeg","datePublished":"2022-09-07T18:20:04+00:00","dateModified":"2022-09-07T18:20:06+00:00","description":"Woran wir uns halten, wenn wir die School of Voice betreiben. Damit wir unser \"bestes Selbst\" in das Team einbringen k\u00f6nnen, m\u00fcssen wir dasselbe Verst\u00e4ndnis dar\u00fcber haben, wie wir zusammenarbeiten wollen.","breadcrumb":{"@id":"https:\/\/schoolofvoice.berlin\/de\/starte-hier\/rahmenbedingungen\/#breadcrumb"},"inLanguage":"de-DE","potentialAction":[{"@type":"ReadAction","target":["https:\/\/schoolofvoice.berlin\/de\/starte-hier\/rahmenbedingungen\/"]}]},{"@type":"ImageObject","inLanguage":"de-DE","@id":"https:\/\/schoolofvoice.berlin\/de\/starte-hier\/rahmenbedingungen\/#primaryimage","url":"https:\/\/schoolofvoice.berlin\/de\/wp-content\/uploads\/sites\/3\/2022\/09\/SoV_LOGO-black_400px.jpeg","contentUrl":"https:\/\/schoolofvoice.berlin\/de\/wp-content\/uploads\/sites\/3\/2022\/09\/SoV_LOGO-black_400px.jpeg","width":400,"height":400,"caption":"School Of Voice | So funktioniert es."},{"@type":"BreadcrumbList","@id":"https:\/\/schoolofvoice.berlin\/de\/starte-hier\/rahmenbedingungen\/#breadcrumb","itemListElement":[{"@type":"ListItem","position":1,"name":"Home","item":"https:\/\/schoolofvoice.berlin\/de\/"},{"@type":"ListItem","position":2,"name":"Starte hier","item":"https:\/\/schoolofvoice.berlin\/de\/starte-hier\/"},{"@type":"ListItem","position":3,"name":"So funktioniert es."}]},{"@type":"WebSite","@id":"https:\/\/schoolofvoice.berlin\/de\/#website","url":"https:\/\/schoolofvoice.berlin\/de\/","name":"School Of Voice","description":"Vocal Coaching - Music Lessons - Artist Development","potentialAction":[{"@type":"SearchAction","target":{"@type":"EntryPoint","urlTemplate":"https:\/\/schoolofvoice.berlin\/de\/?s={search_term_string}"},"query-input":"required name=search_term_string"}],"inLanguage":"de-DE"}]}},"_links":{"self":[{"href":"https:\/\/schoolofvoice.berlin\/de\/wp-json\/wp\/v2\/pages\/6361"}],"collection":[{"href":"https:\/\/schoolofvoice.berlin\/de\/wp-json\/wp\/v2\/pages"}],"about":[{"href":"https:\/\/schoolofvoice.berlin\/de\/wp-json\/wp\/v2\/types\/page"}],"author":[{"embeddable":true,"href":"https:\/\/schoolofvoice.berlin\/de\/wp-json\/wp\/v2\/users\/5"}],"replies":[{"embeddable":true,"href":"https:\/\/schoolofvoice.berlin\/de\/wp-json\/wp\/v2\/comments?post=6361"}],"version-history":[{"count":1,"href":"https:\/\/schoolofvoice.berlin\/de\/wp-json\/wp\/v2\/pages\/6361\/revisions"}],"predecessor-version":[{"id":6363,"href":"https:\/\/schoolofvoice.berlin\/de\/wp-json\/wp\/v2\/pages\/6361\/revisions\/6363"}],"up":[{"embeddable":true,"href":"https:\/\/schoolofvoice.berlin\/de\/wp-json\/wp\/v2\/pages\/5847"}],"wp:featuredmedia":[{"embeddable":true,"href":"https:\/\/schoolofvoice.berlin\/de\/wp-json\/wp\/v2\/media\/6362"}],"wp:attachment":[{"href":"https:\/\/schoolofvoice.berlin\/de\/wp-json\/wp\/v2\/media?parent=6361"}],"wp:term":[{"taxonomy":"category","embeddable":true,"href":"https:\/\/schoolofvoice.berlin\/de\/wp-json\/wp\/v2\/categories?post=6361"}],"curies":[{"name":"wp","href":"https:\/\/api.w.org\/{rel}","templated":true}]}}