{"id":6292,"date":"2022-03-12T13:05:03","date_gmt":"2022-03-12T12:05:03","guid":{"rendered":"https:\/\/schoolofvoice.berlin\/de\/?page_id=6292"},"modified":"2022-03-12T13:05:05","modified_gmt":"2022-03-12T12:05:05","slug":"anna-lena-bruland","status":"publish","type":"page","link":"https:\/\/schoolofvoice.berlin\/de\/ueber-uns\/lehrer\/anna-lena-bruland\/","title":{"rendered":"Anna Lena Bruland"},"content":{"rendered":"","protected":false},"excerpt":{"rendered":"","protected":false},"author":5,"featured_media":6294,"parent":170,"menu_order":0,"comment_status":"closed","ping_status":"closed","template":"","meta":{"footnotes":""},"categories":[175,182,183],"yoast_head":"<!-- This site is optimized with the Yoast SEO plugin v22.4 - https:\/\/yoast.com\/wordpress\/plugins\/seo\/ -->\n<title>Anna Lena Bruland - School Of Voice<\/title>\n<meta name=\"description\" content=\"Anna Lena Bruland ist Dozentin an der Kara Johnstad School Of Voice in Berlin. Anna Lena ist seit \u00fcber 12 Jahren in der Musikbranche t\u00e4tig und bringt einen reichen Erfahrungsschatz mit, um ihren Sch\u00fclern in den Bereichen Songwriting, B\u00fchnenperformance, Bandcoaching, K\u00fcnstlerentwicklung, Gitarre, Keyboard und Audioproduktion zu helfen.\" \/>\n<meta name=\"robots\" content=\"index, follow, max-snippet:-1, max-image-preview:large, max-video-preview:-1\" \/>\n<link rel=\"canonical\" href=\"https:\/\/schoolofvoice.berlin\/de\/ueber-uns\/lehrer\/anna-lena-bruland\/\" \/>\n<meta property=\"og:locale\" content=\"de_DE\" \/>\n<meta property=\"og:type\" content=\"article\" \/>\n<meta property=\"og:title\" content=\"Anna Lena Bruland - School Of Voice\" \/>\n<meta property=\"og:description\" content=\"Anna Lena Bruland ist Dozentin an der Kara Johnstad School Of Voice in Berlin. Anna Lena ist seit \u00fcber 12 Jahren in der Musikbranche t\u00e4tig und bringt einen reichen Erfahrungsschatz mit, um ihren Sch\u00fclern in den Bereichen Songwriting, B\u00fchnenperformance, Bandcoaching, K\u00fcnstlerentwicklung, Gitarre, Keyboard und Audioproduktion zu helfen.\" \/>\n<meta property=\"og:url\" content=\"https:\/\/schoolofvoice.berlin\/de\/ueber-uns\/lehrer\/anna-lena-bruland\/\" \/>\n<meta property=\"og:site_name\" content=\"School Of Voice\" \/>\n<meta property=\"article:modified_time\" content=\"2022-03-12T12:05:05+00:00\" \/>\n<meta property=\"og:image\" content=\"https:\/\/schoolofvoice.berlin\/de\/wp-content\/uploads\/sites\/3\/2022\/03\/Anna-Lena_250px.png\" \/>\n\t<meta property=\"og:image:width\" content=\"250\" \/>\n\t<meta property=\"og:image:height\" content=\"250\" \/>\n\t<meta property=\"og:image:type\" content=\"image\/png\" \/>\n<meta name=\"twitter:card\" content=\"summary_large_image\" \/>\n<script type=\"application\/ld+json\" class=\"yoast-schema-graph\">{\"@context\":\"https:\/\/schema.org\",\"@graph\":[{\"@type\":\"WebPage\",\"@id\":\"https:\/\/schoolofvoice.berlin\/de\/ueber-uns\/lehrer\/anna-lena-bruland\/\",\"url\":\"https:\/\/schoolofvoice.berlin\/de\/ueber-uns\/lehrer\/anna-lena-bruland\/\",\"name\":\"Anna Lena Bruland - School Of Voice\",\"isPartOf\":{\"@id\":\"https:\/\/schoolofvoice.berlin\/de\/#website\"},\"primaryImageOfPage\":{\"@id\":\"https:\/\/schoolofvoice.berlin\/de\/ueber-uns\/lehrer\/anna-lena-bruland\/#primaryimage\"},\"image\":{\"@id\":\"https:\/\/schoolofvoice.berlin\/de\/ueber-uns\/lehrer\/anna-lena-bruland\/#primaryimage\"},\"thumbnailUrl\":\"https:\/\/schoolofvoice.berlin\/de\/wp-content\/uploads\/sites\/3\/2022\/03\/Anna-Lena_250px.png\",\"datePublished\":\"2022-03-12T12:05:03+00:00\",\"dateModified\":\"2022-03-12T12:05:05+00:00\",\"description\":\"Anna Lena Bruland ist Dozentin an der Kara Johnstad School Of Voice in Berlin. Anna Lena ist seit \u00fcber 12 Jahren in der Musikbranche t\u00e4tig und bringt einen reichen Erfahrungsschatz mit, um ihren Sch\u00fclern in den Bereichen Songwriting, B\u00fchnenperformance, Bandcoaching, K\u00fcnstlerentwicklung, Gitarre, Keyboard und Audioproduktion zu helfen.\",\"breadcrumb\":{\"@id\":\"https:\/\/schoolofvoice.berlin\/de\/ueber-uns\/lehrer\/anna-lena-bruland\/#breadcrumb\"},\"inLanguage\":\"de-DE\",\"potentialAction\":[{\"@type\":\"ReadAction\",\"target\":[\"https:\/\/schoolofvoice.berlin\/de\/ueber-uns\/lehrer\/anna-lena-bruland\/\"]}]},{\"@type\":\"ImageObject\",\"inLanguage\":\"de-DE\",\"@id\":\"https:\/\/schoolofvoice.berlin\/de\/ueber-uns\/lehrer\/anna-lena-bruland\/#primaryimage\",\"url\":\"https:\/\/schoolofvoice.berlin\/de\/wp-content\/uploads\/sites\/3\/2022\/03\/Anna-Lena_250px.png\",\"contentUrl\":\"https:\/\/schoolofvoice.berlin\/de\/wp-content\/uploads\/sites\/3\/2022\/03\/Anna-Lena_250px.png\",\"width\":250,\"height\":250,\"caption\":\"Anna Lena Bruland | Dozentin an der Kara Johnstad School Of Voice in Beriin\"},{\"@type\":\"BreadcrumbList\",\"@id\":\"https:\/\/schoolofvoice.berlin\/de\/ueber-uns\/lehrer\/anna-lena-bruland\/#breadcrumb\",\"itemListElement\":[{\"@type\":\"ListItem\",\"position\":1,\"name\":\"Home\",\"item\":\"https:\/\/schoolofvoice.berlin\/de\/\"},{\"@type\":\"ListItem\",\"position\":2,\"name\":\"\u00dcber uns\",\"item\":\"https:\/\/schoolofvoice.berlin\/de\/ueber-uns\/\"},{\"@type\":\"ListItem\",\"position\":3,\"name\":\"Unsere Lehrer:innen\",\"item\":\"https:\/\/schoolofvoice.berlin\/de\/ueber-uns\/lehrer\/\"},{\"@type\":\"ListItem\",\"position\":4,\"name\":\"Anna Lena Bruland\"}]},{\"@type\":\"WebSite\",\"@id\":\"https:\/\/schoolofvoice.berlin\/de\/#website\",\"url\":\"https:\/\/schoolofvoice.berlin\/de\/\",\"name\":\"School Of Voice\",\"description\":\"Vocal Coaching - Music Lessons - Artist Development\",\"potentialAction\":[{\"@type\":\"SearchAction\",\"target\":{\"@type\":\"EntryPoint\",\"urlTemplate\":\"https:\/\/schoolofvoice.berlin\/de\/?s={search_term_string}\"},\"query-input\":\"required name=search_term_string\"}],\"inLanguage\":\"de-DE\"}]}<\/script>\n<!-- \/ Yoast SEO plugin. -->","yoast_head_json":{"title":"Anna Lena Bruland - School Of Voice","description":"Anna Lena Bruland ist Dozentin an der Kara Johnstad School Of Voice in Berlin. Anna Lena ist seit \u00fcber 12 Jahren in der Musikbranche t\u00e4tig und bringt einen reichen Erfahrungsschatz mit, um ihren Sch\u00fclern in den Bereichen Songwriting, B\u00fchnenperformance, Bandcoaching, K\u00fcnstlerentwicklung, Gitarre, Keyboard und Audioproduktion zu helfen.","robots":{"index":"index","follow":"follow","max-snippet":"max-snippet:-1","max-image-preview":"max-image-preview:large","max-video-preview":"max-video-preview:-1"},"canonical":"https:\/\/schoolofvoice.berlin\/de\/ueber-uns\/lehrer\/anna-lena-bruland\/","og_locale":"de_DE","og_type":"article","og_title":"Anna Lena Bruland - School Of Voice","og_description":"Anna Lena Bruland ist Dozentin an der Kara Johnstad School Of Voice in Berlin. Anna Lena ist seit \u00fcber 12 Jahren in der Musikbranche t\u00e4tig und bringt einen reichen Erfahrungsschatz mit, um ihren Sch\u00fclern in den Bereichen Songwriting, B\u00fchnenperformance, Bandcoaching, K\u00fcnstlerentwicklung, Gitarre, Keyboard und Audioproduktion zu helfen.","og_url":"https:\/\/schoolofvoice.berlin\/de\/ueber-uns\/lehrer\/anna-lena-bruland\/","og_site_name":"School Of Voice","article_modified_time":"2022-03-12T12:05:05+00:00","og_image":[{"width":250,"height":250,"url":"https:\/\/schoolofvoice.berlin\/de\/wp-content\/uploads\/sites\/3\/2022\/03\/Anna-Lena_250px.png","type":"image\/png"}],"twitter_card":"summary_large_image","schema":{"@context":"https:\/\/schema.org","@graph":[{"@type":"WebPage","@id":"https:\/\/schoolofvoice.berlin\/de\/ueber-uns\/lehrer\/anna-lena-bruland\/","url":"https:\/\/schoolofvoice.berlin\/de\/ueber-uns\/lehrer\/anna-lena-bruland\/","name":"Anna Lena Bruland - School Of Voice","isPartOf":{"@id":"https:\/\/schoolofvoice.berlin\/de\/#website"},"primaryImageOfPage":{"@id":"https:\/\/schoolofvoice.berlin\/de\/ueber-uns\/lehrer\/anna-lena-bruland\/#primaryimage"},"image":{"@id":"https:\/\/schoolofvoice.berlin\/de\/ueber-uns\/lehrer\/anna-lena-bruland\/#primaryimage"},"thumbnailUrl":"https:\/\/schoolofvoice.berlin\/de\/wp-content\/uploads\/sites\/3\/2022\/03\/Anna-Lena_250px.png","datePublished":"2022-03-12T12:05:03+00:00","dateModified":"2022-03-12T12:05:05+00:00","description":"Anna Lena Bruland ist Dozentin an der Kara Johnstad School Of Voice in Berlin. Anna Lena ist seit \u00fcber 12 Jahren in der Musikbranche t\u00e4tig und bringt einen reichen Erfahrungsschatz mit, um ihren Sch\u00fclern in den Bereichen Songwriting, B\u00fchnenperformance, Bandcoaching, K\u00fcnstlerentwicklung, Gitarre, Keyboard und Audioproduktion zu helfen.","breadcrumb":{"@id":"https:\/\/schoolofvoice.berlin\/de\/ueber-uns\/lehrer\/anna-lena-bruland\/#breadcrumb"},"inLanguage":"de-DE","potentialAction":[{"@type":"ReadAction","target":["https:\/\/schoolofvoice.berlin\/de\/ueber-uns\/lehrer\/anna-lena-bruland\/"]}]},{"@type":"ImageObject","inLanguage":"de-DE","@id":"https:\/\/schoolofvoice.berlin\/de\/ueber-uns\/lehrer\/anna-lena-bruland\/#primaryimage","url":"https:\/\/schoolofvoice.berlin\/de\/wp-content\/uploads\/sites\/3\/2022\/03\/Anna-Lena_250px.png","contentUrl":"https:\/\/schoolofvoice.berlin\/de\/wp-content\/uploads\/sites\/3\/2022\/03\/Anna-Lena_250px.png","width":250,"height":250,"caption":"Anna Lena Bruland | Dozentin an der Kara Johnstad School Of Voice in Beriin"},{"@type":"BreadcrumbList","@id":"https:\/\/schoolofvoice.berlin\/de\/ueber-uns\/lehrer\/anna-lena-bruland\/#breadcrumb","itemListElement":[{"@type":"ListItem","position":1,"name":"Home","item":"https:\/\/schoolofvoice.berlin\/de\/"},{"@type":"ListItem","position":2,"name":"\u00dcber uns","item":"https:\/\/schoolofvoice.berlin\/de\/ueber-uns\/"},{"@type":"ListItem","position":3,"name":"Unsere Lehrer:innen","item":"https:\/\/schoolofvoice.berlin\/de\/ueber-uns\/lehrer\/"},{"@type":"ListItem","position":4,"name":"Anna Lena Bruland"}]},{"@type":"WebSite","@id":"https:\/\/schoolofvoice.berlin\/de\/#website","url":"https:\/\/schoolofvoice.berlin\/de\/","name":"School Of Voice","description":"Vocal Coaching - Music Lessons - Artist Development","potentialAction":[{"@type":"SearchAction","target":{"@type":"EntryPoint","urlTemplate":"https:\/\/schoolofvoice.berlin\/de\/?s={search_term_string}"},"query-input":"required name=search_term_string"}],"inLanguage":"de-DE"}]}},"_links":{"self":[{"href":"https:\/\/schoolofvoice.berlin\/de\/wp-json\/wp\/v2\/pages\/6292"}],"collection":[{"href":"https:\/\/schoolofvoice.berlin\/de\/wp-json\/wp\/v2\/pages"}],"about":[{"href":"https:\/\/schoolofvoice.berlin\/de\/wp-json\/wp\/v2\/types\/page"}],"author":[{"embeddable":true,"href":"https:\/\/schoolofvoice.berlin\/de\/wp-json\/wp\/v2\/users\/5"}],"replies":[{"embeddable":true,"href":"https:\/\/schoolofvoice.berlin\/de\/wp-json\/wp\/v2\/comments?post=6292"}],"version-history":[{"count":1,"href":"https:\/\/schoolofvoice.berlin\/de\/wp-json\/wp\/v2\/pages\/6292\/revisions"}],"predecessor-version":[{"id":6295,"href":"https:\/\/schoolofvoice.berlin\/de\/wp-json\/wp\/v2\/pages\/6292\/revisions\/6295"}],"up":[{"embeddable":true,"href":"https:\/\/schoolofvoice.berlin\/de\/wp-json\/wp\/v2\/pages\/170"}],"wp:featuredmedia":[{"embeddable":true,"href":"https:\/\/schoolofvoice.berlin\/de\/wp-json\/wp\/v2\/media\/6294"}],"wp:attachment":[{"href":"https:\/\/schoolofvoice.berlin\/de\/wp-json\/wp\/v2\/media?parent=6292"}],"wp:term":[{"taxonomy":"category","embeddable":true,"href":"https:\/\/schoolofvoice.berlin\/de\/wp-json\/wp\/v2\/categories?post=6292"}],"curies":[{"name":"wp","href":"https:\/\/api.w.org\/{rel}","templated":true}]}}