{"id":234,"date":"2013-06-23T00:00:00","date_gmt":"2013-06-23T17:47:16","guid":{"rendered":"http:\/\/46.252.194.50\/personaltrainer\/2013\/06\/23\/about\/"},"modified":"2019-02-02T09:29:21","modified_gmt":"2019-02-02T08:29:21","slug":"unsere-schule","status":"publish","type":"page","link":"https:\/\/schoolofvoice.berlin\/de\/ueber-uns\/unsere-schule\/","title":{"rendered":"Unsere Schule"},"content":{"rendered":"","protected":false},"excerpt":{"rendered":"","protected":false},"author":5,"featured_media":2614,"parent":5841,"menu_order":0,"comment_status":"open","ping_status":"open","template":"","meta":{"footnotes":""},"categories":[],"yoast_head":"<!-- This site is optimized with the Yoast SEO plugin v22.4 - https:\/\/yoast.com\/wordpress\/plugins\/seo\/ -->\n<title>\u00dcber uns - School Of Voice<\/title>\n<meta name=\"description\" content=\"Unsere Spezialit\u00e4t ist die Stimm- und Gesangsausbildung. Wir unterrichten auch mit Begeisterung das Spielen eines Instruments. Wir erkennen Begabungen und f\u00f6rdern das individuelle Talent, sind Lehrer und Mentor zugleich, so dass jeder Sch\u00fcler sein bestm\u00f6glicher Musiker sein kann. Letztendlich sind es aber die vertrauensvollen Beziehungen zum Sch\u00fcler und dessen Familie, welche Musikbegeisterten jeglichen Alters die lebenslange Wertsch\u00e4tzung und Freude an der Musik und Kreativit\u00e4t vermitteln.\" \/>\n<meta name=\"robots\" content=\"index, follow, max-snippet:-1, max-image-preview:large, max-video-preview:-1\" \/>\n<link rel=\"canonical\" href=\"https:\/\/schoolofvoice.berlin\/de\/ueber-uns\/unsere-schule\/\" \/>\n<meta property=\"og:locale\" content=\"de_DE\" \/>\n<meta property=\"og:type\" content=\"article\" \/>\n<meta property=\"og:title\" content=\"\u00dcber uns - School Of Voice\" \/>\n<meta property=\"og:description\" content=\"Unsere Spezialit\u00e4t ist die Stimm- und Gesangsausbildung. Wir unterrichten auch mit Begeisterung das Spielen eines Instruments. Wir erkennen Begabungen und f\u00f6rdern das individuelle Talent, sind Lehrer und Mentor zugleich, so dass jeder Sch\u00fcler sein bestm\u00f6glicher Musiker sein kann. Letztendlich sind es aber die vertrauensvollen Beziehungen zum Sch\u00fcler und dessen Familie, welche Musikbegeisterten jeglichen Alters die lebenslange Wertsch\u00e4tzung und Freude an der Musik und Kreativit\u00e4t vermitteln.\" \/>\n<meta property=\"og:url\" content=\"https:\/\/schoolofvoice.berlin\/de\/ueber-uns\/unsere-schule\/\" \/>\n<meta property=\"og:site_name\" content=\"School Of Voice\" \/>\n<meta property=\"article:modified_time\" content=\"2019-02-02T08:29:21+00:00\" \/>\n<meta property=\"og:image\" content=\"https:\/\/schoolofvoice.berlin\/de\/wp-content\/uploads\/sites\/3\/2017\/08\/School-Of-Voice01-29_900x500.jpg\" \/>\n\t<meta property=\"og:image:width\" content=\"900\" \/>\n\t<meta property=\"og:image:height\" content=\"500\" \/>\n\t<meta property=\"og:image:type\" content=\"image\/jpeg\" \/>\n<meta name=\"twitter:card\" content=\"summary_large_image\" \/>\n<script type=\"application\/ld+json\" class=\"yoast-schema-graph\">{\"@context\":\"https:\/\/schema.org\",\"@graph\":[{\"@type\":\"WebPage\",\"@id\":\"https:\/\/schoolofvoice.berlin\/de\/ueber-uns\/unsere-schule\/\",\"url\":\"https:\/\/schoolofvoice.berlin\/de\/ueber-uns\/unsere-schule\/\",\"name\":\"\u00dcber uns - School Of Voice\",\"isPartOf\":{\"@id\":\"https:\/\/schoolofvoice.berlin\/de\/#website\"},\"primaryImageOfPage\":{\"@id\":\"https:\/\/schoolofvoice.berlin\/de\/ueber-uns\/unsere-schule\/#primaryimage\"},\"image\":{\"@id\":\"https:\/\/schoolofvoice.berlin\/de\/ueber-uns\/unsere-schule\/#primaryimage\"},\"thumbnailUrl\":\"https:\/\/schoolofvoice.berlin\/de\/wp-content\/uploads\/sites\/3\/2017\/08\/School-Of-Voice01-29_900x500.jpg\",\"datePublished\":\"2013-06-23T17:47:16+00:00\",\"dateModified\":\"2019-02-02T08:29:21+00:00\",\"description\":\"Unsere Spezialit\u00e4t ist die Stimm- und Gesangsausbildung. Wir unterrichten auch mit Begeisterung das Spielen eines Instruments. Wir erkennen Begabungen und f\u00f6rdern das individuelle Talent, sind Lehrer und Mentor zugleich, so dass jeder Sch\u00fcler sein bestm\u00f6glicher Musiker sein kann. Letztendlich sind es aber die vertrauensvollen Beziehungen zum Sch\u00fcler und dessen Familie, welche Musikbegeisterten jeglichen Alters die lebenslange Wertsch\u00e4tzung und Freude an der Musik und Kreativit\u00e4t vermitteln.\",\"breadcrumb\":{\"@id\":\"https:\/\/schoolofvoice.berlin\/de\/ueber-uns\/unsere-schule\/#breadcrumb\"},\"inLanguage\":\"de-DE\",\"potentialAction\":[{\"@type\":\"ReadAction\",\"target\":[\"https:\/\/schoolofvoice.berlin\/de\/ueber-uns\/unsere-schule\/\"]}]},{\"@type\":\"ImageObject\",\"inLanguage\":\"de-DE\",\"@id\":\"https:\/\/schoolofvoice.berlin\/de\/ueber-uns\/unsere-schule\/#primaryimage\",\"url\":\"https:\/\/schoolofvoice.berlin\/de\/wp-content\/uploads\/sites\/3\/2017\/08\/School-Of-Voice01-29_900x500.jpg\",\"contentUrl\":\"https:\/\/schoolofvoice.berlin\/de\/wp-content\/uploads\/sites\/3\/2017\/08\/School-Of-Voice01-29_900x500.jpg\",\"width\":900,\"height\":500,\"caption\":\"Kara Johnstad School of Voice is located in Berlin Zehlendorf and serves the international community of Berlin.\"},{\"@type\":\"BreadcrumbList\",\"@id\":\"https:\/\/schoolofvoice.berlin\/de\/ueber-uns\/unsere-schule\/#breadcrumb\",\"itemListElement\":[{\"@type\":\"ListItem\",\"position\":1,\"name\":\"Home\",\"item\":\"https:\/\/schoolofvoice.berlin\/de\/\"},{\"@type\":\"ListItem\",\"position\":2,\"name\":\"\u00dcber uns\",\"item\":\"https:\/\/schoolofvoice.berlin\/de\/ueber-uns\/\"},{\"@type\":\"ListItem\",\"position\":3,\"name\":\"Unsere Schule\"}]},{\"@type\":\"WebSite\",\"@id\":\"https:\/\/schoolofvoice.berlin\/de\/#website\",\"url\":\"https:\/\/schoolofvoice.berlin\/de\/\",\"name\":\"School Of Voice\",\"description\":\"Vocal Coaching - Music Lessons - Artist Development\",\"potentialAction\":[{\"@type\":\"SearchAction\",\"target\":{\"@type\":\"EntryPoint\",\"urlTemplate\":\"https:\/\/schoolofvoice.berlin\/de\/?s={search_term_string}\"},\"query-input\":\"required name=search_term_string\"}],\"inLanguage\":\"de-DE\"}]}<\/script>\n<!-- \/ Yoast SEO plugin. -->","yoast_head_json":{"title":"\u00dcber uns - School Of Voice","description":"Unsere Spezialit\u00e4t ist die Stimm- und Gesangsausbildung. Wir unterrichten auch mit Begeisterung das Spielen eines Instruments. Wir erkennen Begabungen und f\u00f6rdern das individuelle Talent, sind Lehrer und Mentor zugleich, so dass jeder Sch\u00fcler sein bestm\u00f6glicher Musiker sein kann. Letztendlich sind es aber die vertrauensvollen Beziehungen zum Sch\u00fcler und dessen Familie, welche Musikbegeisterten jeglichen Alters die lebenslange Wertsch\u00e4tzung und Freude an der Musik und Kreativit\u00e4t vermitteln.","robots":{"index":"index","follow":"follow","max-snippet":"max-snippet:-1","max-image-preview":"max-image-preview:large","max-video-preview":"max-video-preview:-1"},"canonical":"https:\/\/schoolofvoice.berlin\/de\/ueber-uns\/unsere-schule\/","og_locale":"de_DE","og_type":"article","og_title":"\u00dcber uns - School Of Voice","og_description":"Unsere Spezialit\u00e4t ist die Stimm- und Gesangsausbildung. Wir unterrichten auch mit Begeisterung das Spielen eines Instruments. Wir erkennen Begabungen und f\u00f6rdern das individuelle Talent, sind Lehrer und Mentor zugleich, so dass jeder Sch\u00fcler sein bestm\u00f6glicher Musiker sein kann. Letztendlich sind es aber die vertrauensvollen Beziehungen zum Sch\u00fcler und dessen Familie, welche Musikbegeisterten jeglichen Alters die lebenslange Wertsch\u00e4tzung und Freude an der Musik und Kreativit\u00e4t vermitteln.","og_url":"https:\/\/schoolofvoice.berlin\/de\/ueber-uns\/unsere-schule\/","og_site_name":"School Of Voice","article_modified_time":"2019-02-02T08:29:21+00:00","og_image":[{"width":900,"height":500,"url":"https:\/\/schoolofvoice.berlin\/de\/wp-content\/uploads\/sites\/3\/2017\/08\/School-Of-Voice01-29_900x500.jpg","type":"image\/jpeg"}],"twitter_card":"summary_large_image","schema":{"@context":"https:\/\/schema.org","@graph":[{"@type":"WebPage","@id":"https:\/\/schoolofvoice.berlin\/de\/ueber-uns\/unsere-schule\/","url":"https:\/\/schoolofvoice.berlin\/de\/ueber-uns\/unsere-schule\/","name":"\u00dcber uns - School Of Voice","isPartOf":{"@id":"https:\/\/schoolofvoice.berlin\/de\/#website"},"primaryImageOfPage":{"@id":"https:\/\/schoolofvoice.berlin\/de\/ueber-uns\/unsere-schule\/#primaryimage"},"image":{"@id":"https:\/\/schoolofvoice.berlin\/de\/ueber-uns\/unsere-schule\/#primaryimage"},"thumbnailUrl":"https:\/\/schoolofvoice.berlin\/de\/wp-content\/uploads\/sites\/3\/2017\/08\/School-Of-Voice01-29_900x500.jpg","datePublished":"2013-06-23T17:47:16+00:00","dateModified":"2019-02-02T08:29:21+00:00","description":"Unsere Spezialit\u00e4t ist die Stimm- und Gesangsausbildung. Wir unterrichten auch mit Begeisterung das Spielen eines Instruments. Wir erkennen Begabungen und f\u00f6rdern das individuelle Talent, sind Lehrer und Mentor zugleich, so dass jeder Sch\u00fcler sein bestm\u00f6glicher Musiker sein kann. Letztendlich sind es aber die vertrauensvollen Beziehungen zum Sch\u00fcler und dessen Familie, welche Musikbegeisterten jeglichen Alters die lebenslange Wertsch\u00e4tzung und Freude an der Musik und Kreativit\u00e4t vermitteln.","breadcrumb":{"@id":"https:\/\/schoolofvoice.berlin\/de\/ueber-uns\/unsere-schule\/#breadcrumb"},"inLanguage":"de-DE","potentialAction":[{"@type":"ReadAction","target":["https:\/\/schoolofvoice.berlin\/de\/ueber-uns\/unsere-schule\/"]}]},{"@type":"ImageObject","inLanguage":"de-DE","@id":"https:\/\/schoolofvoice.berlin\/de\/ueber-uns\/unsere-schule\/#primaryimage","url":"https:\/\/schoolofvoice.berlin\/de\/wp-content\/uploads\/sites\/3\/2017\/08\/School-Of-Voice01-29_900x500.jpg","contentUrl":"https:\/\/schoolofvoice.berlin\/de\/wp-content\/uploads\/sites\/3\/2017\/08\/School-Of-Voice01-29_900x500.jpg","width":900,"height":500,"caption":"Kara Johnstad School of Voice is located in Berlin Zehlendorf and serves the international community of Berlin."},{"@type":"BreadcrumbList","@id":"https:\/\/schoolofvoice.berlin\/de\/ueber-uns\/unsere-schule\/#breadcrumb","itemListElement":[{"@type":"ListItem","position":1,"name":"Home","item":"https:\/\/schoolofvoice.berlin\/de\/"},{"@type":"ListItem","position":2,"name":"\u00dcber uns","item":"https:\/\/schoolofvoice.berlin\/de\/ueber-uns\/"},{"@type":"ListItem","position":3,"name":"Unsere Schule"}]},{"@type":"WebSite","@id":"https:\/\/schoolofvoice.berlin\/de\/#website","url":"https:\/\/schoolofvoice.berlin\/de\/","name":"School Of Voice","description":"Vocal Coaching - Music Lessons - Artist Development","potentialAction":[{"@type":"SearchAction","target":{"@type":"EntryPoint","urlTemplate":"https:\/\/schoolofvoice.berlin\/de\/?s={search_term_string}"},"query-input":"required name=search_term_string"}],"inLanguage":"de-DE"}]}},"_links":{"self":[{"href":"https:\/\/schoolofvoice.berlin\/de\/wp-json\/wp\/v2\/pages\/234"}],"collection":[{"href":"https:\/\/schoolofvoice.berlin\/de\/wp-json\/wp\/v2\/pages"}],"about":[{"href":"https:\/\/schoolofvoice.berlin\/de\/wp-json\/wp\/v2\/types\/page"}],"author":[{"embeddable":true,"href":"https:\/\/schoolofvoice.berlin\/de\/wp-json\/wp\/v2\/users\/5"}],"replies":[{"embeddable":true,"href":"https:\/\/schoolofvoice.berlin\/de\/wp-json\/wp\/v2\/comments?post=234"}],"version-history":[{"count":4,"href":"https:\/\/schoolofvoice.berlin\/de\/wp-json\/wp\/v2\/pages\/234\/revisions"}],"predecessor-version":[{"id":5844,"href":"https:\/\/schoolofvoice.berlin\/de\/wp-json\/wp\/v2\/pages\/234\/revisions\/5844"}],"up":[{"embeddable":true,"href":"https:\/\/schoolofvoice.berlin\/de\/wp-json\/wp\/v2\/pages\/5841"}],"wp:featuredmedia":[{"embeddable":true,"href":"https:\/\/schoolofvoice.berlin\/de\/wp-json\/wp\/v2\/media\/2614"}],"wp:attachment":[{"href":"https:\/\/schoolofvoice.berlin\/de\/wp-json\/wp\/v2\/media?parent=234"}],"wp:term":[{"taxonomy":"category","embeddable":true,"href":"https:\/\/schoolofvoice.berlin\/de\/wp-json\/wp\/v2\/categories?post=234"}],"curies":[{"name":"wp","href":"https:\/\/api.w.org\/{rel}","templated":true}]}}