{"id":170,"date":"2013-06-22T00:00:00","date_gmt":"2013-06-21T22:00:00","guid":{"rendered":"http:\/\/46.252.194.50\/personaltrainer\/2013\/06\/22\/teachers\/"},"modified":"2023-07-30T13:01:56","modified_gmt":"2023-07-30T11:01:56","slug":"lehrer","status":"publish","type":"page","link":"https:\/\/schoolofvoice.berlin\/de\/ueber-uns\/lehrer\/","title":{"rendered":"Unsere Lehrer:innen"},"content":{"rendered":"","protected":false},"excerpt":{"rendered":"","protected":false},"author":5,"featured_media":0,"parent":5841,"menu_order":0,"comment_status":"closed","ping_status":"closed","template":"","meta":{"footnotes":""},"categories":[],"yoast_head":"<!-- This site is optimized with the Yoast SEO plugin v22.4 - https:\/\/yoast.com\/wordpress\/plugins\/seo\/ -->\n<title>Unsere Lehrer | School of Voice<\/title>\n<meta name=\"description\" content=\"Die Musiklehrer der School Of Voice sind International, multilingual, hochqualifiziert, erfahren, herzlich und einf\u00fchlsam: Gemeinsam haben Sie die Liebe f\u00fcr Musik und Menschen und eine Faszination f\u00fcr die Stimme. F\u00fcr unseren Erfolg sind sie alles entscheidend!\" \/>\n<meta name=\"robots\" content=\"index, follow, max-snippet:-1, max-image-preview:large, max-video-preview:-1\" \/>\n<link rel=\"canonical\" href=\"https:\/\/schoolofvoice.berlin\/de\/ueber-uns\/lehrer\/\" \/>\n<meta property=\"og:locale\" content=\"de_DE\" \/>\n<meta property=\"og:type\" content=\"article\" \/>\n<meta property=\"og:title\" content=\"Unsere Lehrer | School of Voice\" \/>\n<meta property=\"og:description\" content=\"Die Musiklehrer der School Of Voice sind International, multilingual, hochqualifiziert, erfahren, herzlich und einf\u00fchlsam: Gemeinsam haben Sie die Liebe f\u00fcr Musik und Menschen und eine Faszination f\u00fcr die Stimme. F\u00fcr unseren Erfolg sind sie alles entscheidend!\" \/>\n<meta property=\"og:url\" content=\"https:\/\/schoolofvoice.berlin\/de\/ueber-uns\/lehrer\/\" \/>\n<meta property=\"og:site_name\" content=\"School Of Voice\" \/>\n<meta property=\"article:modified_time\" content=\"2023-07-30T11:01:56+00:00\" \/>\n<meta name=\"twitter:card\" content=\"summary_large_image\" \/>\n<script type=\"application\/ld+json\" class=\"yoast-schema-graph\">{\"@context\":\"https:\/\/schema.org\",\"@graph\":[{\"@type\":\"WebPage\",\"@id\":\"https:\/\/schoolofvoice.berlin\/de\/ueber-uns\/lehrer\/\",\"url\":\"https:\/\/schoolofvoice.berlin\/de\/ueber-uns\/lehrer\/\",\"name\":\"Unsere Lehrer | School of Voice\",\"isPartOf\":{\"@id\":\"https:\/\/schoolofvoice.berlin\/de\/#website\"},\"datePublished\":\"2013-06-21T22:00:00+00:00\",\"dateModified\":\"2023-07-30T11:01:56+00:00\",\"description\":\"Die Musiklehrer der School Of Voice sind International, multilingual, hochqualifiziert, erfahren, herzlich und einf\u00fchlsam: Gemeinsam haben Sie die Liebe f\u00fcr Musik und Menschen und eine Faszination f\u00fcr die Stimme. F\u00fcr unseren Erfolg sind sie alles entscheidend!\",\"breadcrumb\":{\"@id\":\"https:\/\/schoolofvoice.berlin\/de\/ueber-uns\/lehrer\/#breadcrumb\"},\"inLanguage\":\"de-DE\",\"potentialAction\":[{\"@type\":\"ReadAction\",\"target\":[\"https:\/\/schoolofvoice.berlin\/de\/ueber-uns\/lehrer\/\"]}]},{\"@type\":\"BreadcrumbList\",\"@id\":\"https:\/\/schoolofvoice.berlin\/de\/ueber-uns\/lehrer\/#breadcrumb\",\"itemListElement\":[{\"@type\":\"ListItem\",\"position\":1,\"name\":\"Home\",\"item\":\"https:\/\/schoolofvoice.berlin\/de\/\"},{\"@type\":\"ListItem\",\"position\":2,\"name\":\"\u00dcber uns\",\"item\":\"https:\/\/schoolofvoice.berlin\/de\/ueber-uns\/\"},{\"@type\":\"ListItem\",\"position\":3,\"name\":\"Unsere Lehrer:innen\"}]},{\"@type\":\"WebSite\",\"@id\":\"https:\/\/schoolofvoice.berlin\/de\/#website\",\"url\":\"https:\/\/schoolofvoice.berlin\/de\/\",\"name\":\"School Of Voice\",\"description\":\"Vocal Coaching - Music Lessons - Artist Development\",\"potentialAction\":[{\"@type\":\"SearchAction\",\"target\":{\"@type\":\"EntryPoint\",\"urlTemplate\":\"https:\/\/schoolofvoice.berlin\/de\/?s={search_term_string}\"},\"query-input\":\"required name=search_term_string\"}],\"inLanguage\":\"de-DE\"}]}<\/script>\n<!-- \/ Yoast SEO plugin. -->","yoast_head_json":{"title":"Unsere Lehrer | School of Voice","description":"Die Musiklehrer der School Of Voice sind International, multilingual, hochqualifiziert, erfahren, herzlich und einf\u00fchlsam: Gemeinsam haben Sie die Liebe f\u00fcr Musik und Menschen und eine Faszination f\u00fcr die Stimme. F\u00fcr unseren Erfolg sind sie alles entscheidend!","robots":{"index":"index","follow":"follow","max-snippet":"max-snippet:-1","max-image-preview":"max-image-preview:large","max-video-preview":"max-video-preview:-1"},"canonical":"https:\/\/schoolofvoice.berlin\/de\/ueber-uns\/lehrer\/","og_locale":"de_DE","og_type":"article","og_title":"Unsere Lehrer | School of Voice","og_description":"Die Musiklehrer der School Of Voice sind International, multilingual, hochqualifiziert, erfahren, herzlich und einf\u00fchlsam: Gemeinsam haben Sie die Liebe f\u00fcr Musik und Menschen und eine Faszination f\u00fcr die Stimme. F\u00fcr unseren Erfolg sind sie alles entscheidend!","og_url":"https:\/\/schoolofvoice.berlin\/de\/ueber-uns\/lehrer\/","og_site_name":"School Of Voice","article_modified_time":"2023-07-30T11:01:56+00:00","twitter_card":"summary_large_image","schema":{"@context":"https:\/\/schema.org","@graph":[{"@type":"WebPage","@id":"https:\/\/schoolofvoice.berlin\/de\/ueber-uns\/lehrer\/","url":"https:\/\/schoolofvoice.berlin\/de\/ueber-uns\/lehrer\/","name":"Unsere Lehrer | School of Voice","isPartOf":{"@id":"https:\/\/schoolofvoice.berlin\/de\/#website"},"datePublished":"2013-06-21T22:00:00+00:00","dateModified":"2023-07-30T11:01:56+00:00","description":"Die Musiklehrer der School Of Voice sind International, multilingual, hochqualifiziert, erfahren, herzlich und einf\u00fchlsam: Gemeinsam haben Sie die Liebe f\u00fcr Musik und Menschen und eine Faszination f\u00fcr die Stimme. F\u00fcr unseren Erfolg sind sie alles entscheidend!","breadcrumb":{"@id":"https:\/\/schoolofvoice.berlin\/de\/ueber-uns\/lehrer\/#breadcrumb"},"inLanguage":"de-DE","potentialAction":[{"@type":"ReadAction","target":["https:\/\/schoolofvoice.berlin\/de\/ueber-uns\/lehrer\/"]}]},{"@type":"BreadcrumbList","@id":"https:\/\/schoolofvoice.berlin\/de\/ueber-uns\/lehrer\/#breadcrumb","itemListElement":[{"@type":"ListItem","position":1,"name":"Home","item":"https:\/\/schoolofvoice.berlin\/de\/"},{"@type":"ListItem","position":2,"name":"\u00dcber uns","item":"https:\/\/schoolofvoice.berlin\/de\/ueber-uns\/"},{"@type":"ListItem","position":3,"name":"Unsere Lehrer:innen"}]},{"@type":"WebSite","@id":"https:\/\/schoolofvoice.berlin\/de\/#website","url":"https:\/\/schoolofvoice.berlin\/de\/","name":"School Of Voice","description":"Vocal Coaching - Music Lessons - Artist Development","potentialAction":[{"@type":"SearchAction","target":{"@type":"EntryPoint","urlTemplate":"https:\/\/schoolofvoice.berlin\/de\/?s={search_term_string}"},"query-input":"required name=search_term_string"}],"inLanguage":"de-DE"}]}},"_links":{"self":[{"href":"https:\/\/schoolofvoice.berlin\/de\/wp-json\/wp\/v2\/pages\/170"}],"collection":[{"href":"https:\/\/schoolofvoice.berlin\/de\/wp-json\/wp\/v2\/pages"}],"about":[{"href":"https:\/\/schoolofvoice.berlin\/de\/wp-json\/wp\/v2\/types\/page"}],"author":[{"embeddable":true,"href":"https:\/\/schoolofvoice.berlin\/de\/wp-json\/wp\/v2\/users\/5"}],"replies":[{"embeddable":true,"href":"https:\/\/schoolofvoice.berlin\/de\/wp-json\/wp\/v2\/comments?post=170"}],"version-history":[{"count":11,"href":"https:\/\/schoolofvoice.berlin\/de\/wp-json\/wp\/v2\/pages\/170\/revisions"}],"predecessor-version":[{"id":6417,"href":"https:\/\/schoolofvoice.berlin\/de\/wp-json\/wp\/v2\/pages\/170\/revisions\/6417"}],"up":[{"embeddable":true,"href":"https:\/\/schoolofvoice.berlin\/de\/wp-json\/wp\/v2\/pages\/5841"}],"wp:attachment":[{"href":"https:\/\/schoolofvoice.berlin\/de\/wp-json\/wp\/v2\/media?parent=170"}],"wp:term":[{"taxonomy":"category","embeddable":true,"href":"https:\/\/schoolofvoice.berlin\/de\/wp-json\/wp\/v2\/categories?post=170"}],"curies":[{"name":"wp","href":"https:\/\/api.w.org\/{rel}","templated":true}]}}